{"id":289,"date":"2022-05-23T10:55:59","date_gmt":"2022-05-23T14:55:59","guid":{"rendered":"https:\/\/wordpress.clarku.edu\/tkuehne\/?page_id=289"},"modified":"2024-11-12T11:03:09","modified_gmt":"2024-11-12T16:03:09","slug":"publications","status":"publish","type":"page","link":"https:\/\/wordpress.clarku.edu\/tkuehne\/","title":{"rendered":""},"content":{"rendered":"<p><a href=\"https:\/\/wordpress.clarku.edu\/wp-content\/uploads\/sites\/176\/2017\/12\/thomas.jpg\"><img loading=\"lazy\" decoding=\"async\" class=\"size-medium wp-image-252 alignright\" src=\"https:\/\/wordpress.clarku.edu\/wp-content\/uploads\/sites\/176\/2017\/12\/thomas-300x183.jpg\" alt=\"\" width=\"300\" height=\"183\" srcset=\"https:\/\/wordpress.clarku.edu\/tkuehne\/wp-content\/uploads\/sites\/176\/2017\/12\/thomas-300x183.jpg 300w, https:\/\/wordpress.clarku.edu\/tkuehne\/wp-content\/uploads\/sites\/176\/2017\/12\/thomas-768x467.jpg 768w, https:\/\/wordpress.clarku.edu\/tkuehne\/wp-content\/uploads\/sites\/176\/2017\/12\/thomas.jpg 920w\" sizes=\"auto, (max-width: 300px) 100vw, 300px\" \/><\/a>Thomas K\u00fchne is the Director of the Strassler Center for Holocaust and Genocide Studies at Clark University where he also holds the Strassler Colin Flug Chair in Holocaust History. He teaches classes on the Holocaust and Nazi Germany, the history of war and genocide in Europe and around the globe with foci on gender orders and memory cultures. His research explores the relation of war, genocide, and long-term traditions of political culture and political emotions in Europe, and the problem of locating the Holocaust and Nazi Germany in the continuities and discontinuities of the 20th century.<\/p>\n<p>Thomas K\u00fchne earned his Ph.D. from the University of T\u00fcbingen in 1992 and taught at the Universities of Konstanz, T\u00fcbingen and Weingarten in Germany thereafter. His initial scholarly work focused on political conflicts and consensus strategies in 19th and 20th century Germany. His dissertation on Prussian electoral politics in Imperial Germany (published 1994) won the German Bundestag Research Prize. Since then, K\u00fchne has been especially interested in the history of war, genocide, and masculinities. His essay collection on the history of masculinities in Germany, <em>M\u00e4nnergeschichte-Geschlechtergeschichte<\/em>&nbsp;(<em>Men\u2019s History\u2014Gender History<\/em>, 1996) helped establishing this field in Central Europe and stimulated a broad range of innovative gender studies. In the 1990s, he also contributed to a new military history in Germany and co-edited (with Benjamin Ziemann, University of Sheffield, U.K.) the volume&nbsp;<em>Was ist Milit\u00e4rgeschichte?<\/em><em>&nbsp;<\/em>(<em>What is Military History<\/em>, 2000). Awarded major grants from the German Research Foundation, he completed his habilitation thesis at the University of Bielefeld in 2003. Accepting an invitation for a fellowship from the Institute of Advanced Study in Princeton, New Jersey, he <a href=\"https:\/\/wordpress.clarku.edu\/tkuehne\/wp-content\/uploads\/sites\/176\/2024\/11\/240706-final-prooofs-09-chapter-1.pdf\">came to the United States in 2003<\/a> and moved to Clark the year after.<\/p>\n<p>In 2010, he was awarded a fellowship from the John Simon Guggenheim Memorial Foundation and spent another year as fellow at the Institute for Advanced Study in Princeton. He has held visiting appointments at the Leibniz University of Hannover and at the Center for Contemporary History in Potsdam, both in Germany, and he has served on various editorial and academic boards, including those of the German Studies Association, the journal <em>Central European History<\/em> and <em>Journal of Holocaust Research<\/em>, and is currently a member of the Academic Committee of the <a href=\"https:\/\/www.ushmm.org\/research\/about-the-mandel-center\/academic-committee\">United States Holocaust Memorial Museum<\/a>, Washington, D.C.<\/p>\n<p>K\u00fchne\u2019s recent <a href=\"https:\/\/wordpress.clarku.edu\/tkuehne\/wp-content\/uploads\/sites\/176\/2024\/11\/Kuhne-in-Kacandes-2022.pdf\">scholarly work<\/a> explores the emotional and moral frameworks of collective violence and the production of collective identity through war and genocide with a focus on Nazi Germany. His 2006 book&nbsp;<em>Kameradschaft<\/em><em>&nbsp;<\/em>suggests that the myth of comradeship, born in the First World War, shaped the experiences and actions of German WWII soldiers as well as war memory after 1945. Comradeship combined male bonding through criminal means with in-group \u201chumanity.\u201d It established a moral reference system that abandoned the idea of individual responsibility and enabled soldiers to carry out or support the Holocaust. A completely revised and expanded English version was published as&nbsp;<em>The Rise and Fall of Comradeship<\/em>&nbsp;with Cambridge University Press in 2017. Scrutinizing the entire Nazi society, K\u00fchne\u2019s book&nbsp;<em>Belonging and Genocide. Hitler\u2019s Community, 1918-1945<\/em>&nbsp;(Yale University Press, 2010) shows how the Germans switched to community-based violent ethics even before the Nazis came to power and how the Nazis used the human desire for community to build a genocidal society. While pointing to the ideological diversity of Germans under Hitler\u2019s dictatorship, it yet argues that the Holocaust and Germany\u2019s criminal warfare established a sense of complicity across the German nation and engendered a particular type of nation building \u2013 nation building through genocide.<\/p>\n<p>K\u00fchne\u2019s current research projects include a comprehensive inquiry into perpetrators and bystanders of the Holocaust, into their actions, mindsets, and social connections, as well as their lives, depictions, and trials after the breakdown of the Third Reich. Together with Frances Tanzer (Clark University), he prepares the <em>Oxford Handbook of Holocaust Memor<\/em>y; together with Benjamin Ziemann (Sheffield University, U.K.) the <em>Oxford Handbook of Nazi Germany<\/em>.<\/p>\n","protected":false},"excerpt":{"rendered":"<p>Thomas K\u00fchne is the Director of the Strassler Center for Holocaust and Genocide Studies at Clark University where he also holds the Strassler Colin Flug Chair in Holocaust History. He teaches classes on the Holocaust and Nazi Germany, the history &hellip; <a href=\"https:\/\/wordpress.clarku.edu\/tkuehne\/\">Continue reading <span class=\"meta-nav\">&rarr;<\/span><\/a><\/p>\n","protected":false},"author":948,"featured_media":0,"parent":0,"menu_order":0,"comment_status":"closed","ping_status":"closed","template":"","meta":{"ngg_post_thumbnail":0,"footnotes":""},"class_list":["post-289","page","type-page","status-publish","hentry"],"_links":{"self":[{"href":"https:\/\/wordpress.clarku.edu\/tkuehne\/wp-json\/wp\/v2\/pages\/289","targetHints":{"allow":["GET"]}}],"collection":[{"href":"https:\/\/wordpress.clarku.edu\/tkuehne\/wp-json\/wp\/v2\/pages"}],"about":[{"href":"https:\/\/wordpress.clarku.edu\/tkuehne\/wp-json\/wp\/v2\/types\/page"}],"author":[{"embeddable":true,"href":"https:\/\/wordpress.clarku.edu\/tkuehne\/wp-json\/wp\/v2\/users\/948"}],"replies":[{"embeddable":true,"href":"https:\/\/wordpress.clarku.edu\/tkuehne\/wp-json\/wp\/v2\/comments?post=289"}],"version-history":[{"count":0,"href":"https:\/\/wordpress.clarku.edu\/tkuehne\/wp-json\/wp\/v2\/pages\/289\/revisions"}],"wp:attachment":[{"href":"https:\/\/wordpress.clarku.edu\/tkuehne\/wp-json\/wp\/v2\/media?parent=289"}],"curies":[{"name":"wp","href":"https:\/\/api.w.org\/{rel}","templated":true}]}}