{"id":17,"date":"2012-08-20T13:05:37","date_gmt":"2012-08-20T17:05:37","guid":{"rendered":"https:\/\/wordpress.clarku.edu\/tkuehne\/?page_id=17"},"modified":"2024-11-06T10:00:47","modified_gmt":"2024-11-06T15:00:47","slug":"research","status":"publish","type":"page","link":"https:\/\/wordpress.clarku.edu\/tkuehne\/research\/","title":{"rendered":"Publications"},"content":{"rendered":"<p><img loading=\"lazy\" decoding=\"async\" class=\"alignright size-full wp-image-59\" title=\"wordpress page 02aa RESEARCH photo TK\" src=\"https:\/\/wordpress.clarku.edu\/wp-content\/uploads\/sites\/176\/2012\/08\/wordpress-page-02aa-RESEARCH-photo-TK.jpg\" alt=\"\" width=\"192\" height=\"192\" srcset=\"https:\/\/wordpress.clarku.edu\/tkuehne\/wp-content\/uploads\/sites\/176\/2012\/08\/wordpress-page-02aa-RESEARCH-photo-TK.jpg 192w, https:\/\/wordpress.clarku.edu\/tkuehne\/wp-content\/uploads\/sites\/176\/2012\/08\/wordpress-page-02aa-RESEARCH-photo-TK-150x150.jpg 150w\" sizes=\"auto, (max-width: 192px) 100vw, 192px\" \/><\/p>\n<p>AUTHORED BOOKS<\/p>\n<p><a href=\"https:\/\/www.amazon.com\/Rise-Fall-Comradeship-Soldiers-Twentieth-dp-1107658284\/dp\/1107658284\/ref=mt_other?_encoding=UTF8&amp;me=&amp;qid=\"><em>The Rise and Fall of Comradeship<\/em><em>: Hitler\u2019s Soldiers, Male Bonding and Mass Violence in the 20th Century <\/em>(Cambridge: Cambridge University Press 2017)<\/a><\/p>\n<p><a href=\"https:\/\/www.amazon.com\/gp\/product\/0300198280\/ref=dbs_a_def_rwt_hsch_vapi_taft_p1_i3\"><em>Belonging and Genocide. Hitler\u2019s Community, 1918-1945 <\/em>(New Haven: Yale University Press, 2010; paperback 2013)<\/a><\/p>\n<p>&#8211; Italian translation:<a href=\"https:\/\/www.amazon.com\/male-dentro-comunit\u00e0-Hitler-psicologia\/dp\/8886772548\"> <em>Il male dentro. La comunit\u00e0 di Hitler: psicologia del genocidio e orgoglio nazionale <\/em>(Rome: Edizioni dell\u2019Altana, 2013)<\/a><\/p>\n<p><em>&#8211; <\/em>Turkish translation:&nbsp; <a href=\"https:\/\/www.dr.com.tr\/Kitap\/Aidiyet-ve-Soykirim-Hitler-Toplumu-1918-1945\/Arastirma-Tarih\/Tarih\/Dunya-Tarihi\/urunno=0001732201001\"><em>Aidiyet ve Soyk\u0131r\u0131m. <\/em><em>Hitler Toplumu 1918-1945<\/em> (Ankara: Heretik, 2017)<\/a><\/p>\n<p><a href=\"https:\/\/networks.h-net.org\/node\/35008\/reviews\/45032\/bonker-k\u00fchne-kameradschaft-die-soldaten-des-nationalsozialistischen\"><em>Kameradschaft. Die Soldaten des nationalsozialistischen Krieges und das 20. Jahrhundert <\/em>(G\u00f6ttingen: Vandenhoeck &amp; Ruprecht, 2006)<\/a><\/p>\n<p><a href=\"https:\/\/www.jstor.org\/stable\/2946755\"><em>Dreiklassenwahlrecht und Wahlkultur in Preu\u00dfen 1867-1914. Landtagswahlen zwischen korporativer Tradition und politischem Massenmarkt<\/em> (D\u00fcsseldorf:&nbsp; Droste, 1994)<\/a><\/p>\n<p><em>Handbuch der Wahlen zum Preu\u00dfischen Abgeordnetenhaus 1867-1918. Wahlergebnisse, Wahlb\u00fcndnisse und Wahlkandidaten <\/em>(D\u00fcsseldorf: Droste, 1994) (no link)<\/p>\n<p>EDITED VOLUMES<\/p>\n<p><a href=\"https:\/\/library.oapen.org\/handle\/20.500.12657\/86878\"><em>Documenting the Armenian Genocide. Essays in Honor of Taner Ak\u00e7am.&nbsp; <\/em>Edited by Thomas K\u00fchne, Mary Jane Rein, and Marc Mamigonian (Cham, Switzerland: Palgrave MacMillan, 2024).<\/a><\/p>\n<p><a href=\"https:\/\/www.amazon.com\/Agency-Holocaust-Deb\u00f3rah-Palgrave-Genocide\/dp\/3030389979\"><em>Agency and the Holocaust. Essays in Honor of Deborah Dwork.&nbsp; <\/em>Edited by Thomas K\u00fchne and Mary Jane Rein (Cham, Switzerland: Palgrave MacMillan, 2020).<\/a><\/p>\n<p><a href=\"https:\/\/www.jstor.org\/stable\/e26567841\"><em>Masculinity and the Third Reich<\/em>. Edited by Thomas K\u00fchne. (Cambridge: Cambridge University Press, 2018) (= Special Issue of <em>Central European History<\/em>, Volume 51, No. 3 (2018), pp. 354-522.<\/a><\/p>\n<p><a href=\"https:\/\/www.amazon.com\/Globalizing-Beauty-Consumerism-Aesthetics-Consumption\/dp\/1137299703\"><em>Globalizing Beauty. Body Aesthetics in the 20<sup>th<\/sup> Century<\/em>. Edited by Hartmut Berghoff and Thomas K\u00fchne (Houndmills: Palgrave Macmillan, 2013).<\/a><\/p>\n<p><a href=\"https:\/\/wordpress.clarku.edu\/wp-content\/uploads\/sites\/176\/2022\/05\/2011-Kuehne-and-Lawson-TOC_.pdf\"><em>The Holocaust and Local History. <\/em>Edited by Thomas K\u00fchne and Tom Lawson (Edgware: Vallentine-Mitchell, 2011). (Published simultaneously as <em>Holocaust Studies. A Journal of Culture and History<\/em>, vol. 16 (2011), nos. 1-2.)<\/a><\/p>\n<p><a href=\"https:\/\/wordpress.clarku.edu\/wp-content\/uploads\/sites\/176\/2022\/05\/2004-Massenhaftes-Toeten-KOMPLETT.pdf\"><em>Massenhaftes T\u00f6ten. <\/em><em>Kriege und Genozide im 20. Jahrhundert. <\/em>Edited by Peter R. Gleichmann and Thomas K\u00fchne (Essen: Klartext, 2004).<\/a><\/p>\n<p><a href=\"https:\/\/www.h-net.org\/reviews\/showrev.php?id=17069\"><em>Raum und Geschichte. Regionale Traditionen und f\u00f6derative Ordnungen von der Fr\u00fchen Neuzeit bis zur Gegenwart. <\/em>Edited by Thomas K\u00fchne and Cornelia Rauh-K\u00fchne (Leinfelden: DRW-Verlag, 2001).<\/a><\/p>\n<p><a href=\"https:\/\/www.h-net.org\/reviews\/showrev.php?id=16895\"><em>Was ist Milit\u00e4rgeschichte? <\/em>Edited by Thomas K\u00fchne and Benjamin Ziemann (Paderborn: Sch\u00f6ningh, 2000).&nbsp; (Japanese translation: Tokio: Hara Shobo, 2017.)<\/a><\/p>\n<p><a href=\"https:\/\/wordpress.clarku.edu\/wp-content\/uploads\/sites\/176\/2022\/05\/2000-Kriegskultur-REv-Nehring.pdf\"><em>Von der Kriegskultur zur Friedenskultur? Zum Mentalit\u00e4tswandel in Deutschland seit 1945.<\/em> Edited by Thomas K\u00fchne (M\u00fcnster: LIT, 2000).&nbsp;<\/a><\/p>\n<p><a href=\"https:\/\/wordpress.clarku.edu\/wp-content\/uploads\/sites\/176\/2022\/05\/1996-MGG-Herzog-in-GH.pdf\"><em>M\u00e4nnergeschichte &#8211; Geschlechtergeschichte. M\u00e4nnlichkeit im Wandel der Moderne. <\/em>Edited by Thomas K\u00fchne (Frankfurt\/New York: Campus, 1996).&nbsp; (Japanese translation: Tokio: Kashawa Shobo, 1997;&nbsp; Korean translation: Seoul: SOL Publishing Co., 2001.)<\/a><\/p>\n<p>SELECTED JOURNAL ARTICLES<\/p>\n<p><a href=\"https:\/\/www.cambridge.org\/core\/journals\/central-european-history\/article\/introduction-masculinity-and-the-third-reich\/690D1D91981978D60D2C9C22C7E1D8C1\">\u201cMasculinity and the Third Reich,\u201d <em>Central European History<\/em> 51\/3 (2018): 354-366.<\/a><\/p>\n<p><a href=\"https:\/\/www.cambridge.org\/core\/journals\/central-european-history\/article\/abs\/protean-masculinity-hegemonic-masculinity-soldiers-in-the-third-reich\/D033B14D085648062A01348DA564CC18\">\u201cProtean Masculinity, Hegemonic Masculinity: Soldiers in the Third Reich,\u201d<em> Central European History<\/em> 51\/3 (2018): 390-418.<\/a><\/p>\n<p><a href=\"https:\/\/www.tandfonline.com\/doi\/abs\/10.1080\/14623528.2013.821229?journalCode=cjgr20\">\u201cColonialism and the Holocaust. Continuities, Causations, and Complexities,\u201d <em>Journal of Genocide Research<\/em> 15 (2013): 339\u2013362<\/a><\/p>\n<p><a href=\"https:\/\/wordpress.clarku.edu\/wp-content\/uploads\/sites\/176\/2022\/05\/2005-Demokratisierung-GG.pdf\">\u201eDemokratisierung und Parlamentarisierung: Neue Forschungen zur politischen Entwicklungsf\u00e4higkeit Deutschlands vor dem Ersten Weltkrieg,\u201c <em>Geschichte und Gesellschaft<\/em> 31 (2005): 293-316. (Japanese translation, in <em>Seiyoshi&#8211;Gakuho. Review of Western History<\/em> 35, 2008, 45-76.<\/a><\/p>\n<p>\u201e<a href=\"http:\/\/library.fes.de\/jportal\/servlets\/MCRFileNodeServlet\/jportal_derivate_00023608\/afs-2000-440.pdf\">Der nationalsozialistische Vernichtungskrieg im kulturellen Kontinuum des 20. Jahrhunderts. Forschungsprobleme und Forschungstendenzen der Gesellschaftsgeschichte des Zweiten Weltkriegs. Zweiter Teil,\u201d <em>Archiv f\u00fcr Sozialgeschichte <\/em>40 (2000): 440-486.<\/a><\/p>\n<p>\u201e<a href=\"http:\/\/library.fes.de\/jportal\/servlets\/MCRFileNodeServlet\/jportal_derivate_00023590\/afs-1999-580.pdf\">Der nationalsozialistische Vernichtungskrieg und die &#8220;ganz normalen&#8221; Deutschen. Forschungsprobleme und Forschungstendenzen der Gesellschaftsgeschichte des Zweiten Weltkriegs. Erster Teil,\u201d <em>Archiv f\u00fcr Sozialgeschichte <\/em>39 (1999): 580-662.&nbsp;<\/a><\/p>\n<p><a href=\"http:\/\/library.fes.de\/jportal\/servlets\/MCRFileNodeServlet\/jportal_derivate_00023563\/afs-1998-165.pdf\">\u201eZwischen M\u00e4nnerbund und Volksgemeinschaft: Hitlers Soldaten und der Mythos der Kameradschaft,\u201d <em>Archiv f\u00fcr Sozialgeschichte <\/em>38 (1998): 165-189.<\/a><\/p>\n<p><a href=\"https:\/\/wordpress.clarku.edu\/wp-content\/uploads\/sites\/176\/2022\/05\/1998-Parlamentarismusgeschichte-GG_.pdf\">\u201eParlamentarismusgeschichte in Deutschland. Probleme, Ertr\u00e4ge und Perspektiven einer Gesamtdarstellung,\u201d <em>Geschichte und Gesellschaft <\/em>24 (1998): 320-335.<\/a><\/p>\n<p>\u201eDas Deutsche Kaiserreich 1871-1918 und seine politische Kultur: Demokratisierung, Segmentierung, Militarisierung,\u201d <em>Neue Politische Literatur <\/em>43 (1998): 206-263.<\/p>\n<p><a href=\"https:\/\/wordpress.clarku.edu\/wp-content\/uploads\/sites\/176\/2022\/05\/1996-GG-Kameradschaft-pdf-IPSE.pdf\">\u201eKameradschaft &#8211; &#8220;das Beste im Leben des Mannes&#8221;. Die deutschen Soldaten des Zweiten Weltkrieges in erfahrungs- und geschlechtergeschichtlicher Perspektive,\u201d <em>Geschichte und Gesellschaft <\/em>22 (1996): 504-529.<\/a><\/p>\n<p><a href=\"http:\/\/library.fes.de\/jportal\/servlets\/MCRFileNodeServlet\/jportal_derivate_00023500\/afs-1993-481.pdf\">\u201eWahlrecht &#8211; Wahlverhalten &#8211; Wahlkultur. Tradition und Innovation in der historischen Wahlforschung,\u201d <em>Archiv f\u00fcr Sozialgeschichte <\/em>33 (1993): 481-547.<\/a><\/p>\n<p>SELECTED BOOK CHAPTERS<\/p>\n<p>\u201cGerman American-Identity and the Demise of National History.\u201d In <em>German Migrant-Historians in North America. Transatlantic Careers and Scholarship after 1945<\/em><strong>. <\/strong>Ed. Karen Hagemann and Konrad H. Jarausch (New York: Berghahn Books, 2024), pp. 183-200.<\/p>\n<p>\u201cUne masculinite\u0301 \u00ab prote\u0301enne \u00bb : les soldats sous le Troisie\u0300me Reich,\u201d&nbsp;&nbsp; <em>Marcher au pas et tr\u00e9bucher. Masculinit\u00e9s allemandes \u00e0 l&#8217;\u00e9preuve du nazisme et de la guerre<\/em>, ed. Patrick Farges and Elissa Mail\u00e4nder (Paris: Presses Universitaires du Septentrion, 2022)<\/p>\n<p>\u201cA Father, a Perpetrator, a Son.&nbsp; Autobiographical Thoughts on Mystery and Curiosity,\u201d in <em>On Being Adjacent to Historical Violence<\/em>, ed Irene Kacandes (Berlin: de Gruyter, 2022), pp.&nbsp; 340-360.&nbsp;<\/p>\n<p><a href=\"https:\/\/www.oxfordhandbooks.com\/view\/10.1093\/oxfordhb\/9780199948710.001.0001\/oxfordhb-9780199948710-e-23\">\u201cStates, Military Masculinities, and Combat in the Age of World Wars,\u201d in <em>The Oxford Handbook of Gender and War in the Western World since 1650<\/em>, ed. Karen Hagemann, Stefan Dudink and Sonya O. Rose (Oxford: Oxford University Press, 2020): 498-518.<\/a><\/p>\n<p><a href=\"https:\/\/wordpress.clarku.edu\/wp-content\/uploads\/sites\/176\/2022\/05\/Ku\u0308hne-Holocaust-and-Masculinities-in-The-Holocaust-and-Masculinities-2020.pdf\">&nbsp;\u201cEpilogue: The Holocaust and Masculinities,\u201d in <em>The Holocaust and Masculinities<\/em><em>: Critical Inquiries into the Presence and Absence of Men<\/em>, ed. Bj\u00f6rn Krondorfer and Ovidiu Creanga (Albany: SUNY Press, 2020): 285-304.<\/a><\/p>\n<p>\u201cNazi Morality,\u201d in <em>A Companion to Nazi Germany<\/em>, ed. Shelley Baranowski et al (Chichester: Wiley Blackwell, 2018): 215-230.<\/p>\n<p><a href=\"https:\/\/wordpress.clarku.edu\/wp-content\/uploads\/sites\/176\/2022\/05\/2016-Daemonisierung.pdf\">\u201cD\u00e4monisierung, Viktimisierung, Diversifizierung. Bilder von nationalsozialistischen Gewaltt\u00e4tern in Gesellschaft und Forschung seit 1945,\u201d <em>Nationalsozialistische T\u00e4terschaften. Nachwirkungen in Gesellschaft und Familie<\/em>, ed. Oliver von Wrochem and Christine Eckel (Berlin: Metropol, 2016): 32-55.<\/a><\/p>\n<p>&#8220;Elections,&#8221; in <em>The Ashgate Research Companion to Imperial Germany<\/em>, ed. Matthew Jefferies (Burlington, VT: Ashgate, 2015), pp. 77-90.<\/p>\n<p><a href=\"https:\/\/www.oxfordhandbooks.com\/view\/10.1093\/oxfordhb\/9780199237395.001.0001\/oxfordhb-9780199237395-e-23\">\u201cTodesraum: War, Peace, and the Experience of Mass Death, 1914-1945,\u201d in <em>The Oxford Handbook of Modern German History<\/em>, ed. Helmut Walser Smith (Oxford: Oxford University Press, 2011): 527-547.<\/a><\/p>\n<p><a href=\"https:\/\/wordpress.clarku.edu\/wp-content\/uploads\/sites\/176\/2022\/05\/2011-Swett-pdf-1.pdf\">\u201cThe Pleasure of Terror: Belonging through Genocide,\u201d in <em>Pleasure, Power and Everyday Life under National Socialism, <\/em>ed. Fabrice d\u2019Almeida, Corey Ross, and Pamela Swett (Houndmills: Palgrave Macmillan, 2011): 234-255.<\/a><\/p>\n<p>\u201cParteien und politische Kultur in Deutschland 1815-1990,\u201d in <em>Parteien in den deutschen L\u00e4ndern. Geschichte und Gegenwart, <\/em>&nbsp;ed. Andreas Kost, Werner Rellecke, and Reinhold Weber (Munich: C.H. Beck, 2010): 13-48.<\/p>\n<p><a href=\"https:\/\/wordpress.clarku.edu\/wp-content\/uploads\/sites\/176\/2022\/05\/2008-Szejnmann-PDF.pdf\">\u201cMale Bonding and Shame Culture: Hitler&#8217;s Soldiers and the Moral Basis of Genocidal Warfare,\u201d in <em>Ordinary People as Mass Murderers. Perpetrators in Comparative Perspectives, <\/em>ed. Olaf Jensen, Claus-Christian W. Szejnmann &amp; Martin L. Davies (Houndmills: Palgrave Macmillan, 2008): 55-77.<\/a><\/p>\n<p><a href=\"https:\/\/wordpress.clarku.edu\/wp-content\/uploads\/sites\/176\/2022\/05\/2008-Retallack-OSHG.pdf\">\u201cPolitical Culture and Democratization,\u201d in <em>Imperial Germany 1871-1918. The Short Oxford History of Germany, ed.<\/em> James Retallack (Oxford: Oxford University Press, 2008): 174-195.<\/a><\/p>\n<p><a href=\"https:\/\/wordpress.clarku.edu\/wp-content\/uploads\/sites\/176\/2022\/06\/2000-Imagined-Regions.pdf\">\u201cImagined Regions. The Construction of Traditional, Democratic, and other Identities,\u201d in <em>Saxony in German History. <\/em><em>Culture, Society, and Politics, 1830-1933, <\/em>ed. James Retallack (Ann Arbor, MI: University of Michigan Press 2000): 51-62.<\/a><\/p>\n<p><a href=\"https:\/\/wordpress.clarku.edu\/wp-content\/uploads\/sites\/176\/2022\/06\/2000-Viktimisierung.pdf\">\u201eDie Viktimisierungsfalle. Wehrmachtverbrechen, Geschichtswissenschaft und symbolische Ordnung des Milit\u00e4rs,\u201d in <em>Der Krieg in der Nachkriegszeit. Der Zweite Weltkrieg in Politik und Gesellschaft der Bundesrepublik, <\/em>ed. Michael Th. Greven &amp; Oliver von Wrochem (Opladen: Leske + Budrich, 2000): 183-196.<\/a><\/p>\n<p><a href=\"https:\/\/wordpress.clarku.edu\/wp-content\/uploads\/sites\/176\/2022\/05\/2000-Kuehne-Ziemann-Milita\u0308rgeschichte-Einleitung.pdf\">(with Benjamin Ziemann:) \u201eMilit\u00e4rgeschichte in der Erweiterung. Konjunkturen, Interpretationen, Konzepte,\u201c in idem, eds., <em>Was ist Milit\u00e4rgeschichte? <\/em>(Paderborn: Sch\u00f6ningh, 2000): 9-46.<\/a> (Spanish translation&nbsp;: <a href=\"https:\/\/wordpress.clarku.edu\/wp-content\/uploads\/sites\/176\/2022\/05\/2000-2007-Renovacion.pdf\">\u201cLa renovaci\u00f3n de la Historia Militar. Conyunturas, interpretaciones, conceptos,\u201d in <em>Semata. <\/em><em>Ciencias Sociais e Humanidades <\/em>19 (2008): 304-347.)<\/a><\/p>\n<p>\u201eDer Soldat,\u201d in <em>Der Mensch des 20. <\/em><em>Jahrhunderts, <\/em>ed. Ute Frevert &amp; Heinz-Gerhard Haupt <em>&nbsp;<\/em>(Frankfurt &amp; New York:&nbsp; Campus, 1999): 344-371. (New Edition: Essen: Magnus, 2005. Translations: Romanian 2002, Spanish 2002)<\/p>\n<p><a href=\"https:\/\/wordpress.clarku.edu\/wp-content\/uploads\/sites\/176\/2022\/05\/1998-1Staatspolitik.pdf\">\u201eStaatspolitik, Frauenpolitik, M\u00e4nnerpolitik: Politikgeschichte als Geschlechtergeschichte,\u201d in <em>Geschlechtergeschichte und &#8220;allgemeine Geschichte,\u201d <\/em>ed. Hans Medick &amp; Anne-Charlott Trepp (G\u00f6ttingen: Wallstein, 1998): 173-231.<\/a><\/p>\n<p><a href=\"https:\/\/wordpress.clarku.edu\/wp-content\/uploads\/sites\/176\/2022\/05\/1997-Entwicklungstendenzen.pdf\">\u201eEntwicklungstendenzen der preu\u00dfischen Wahlkultur im Kaiserreich,\u201d in <em>Wahlen und Wahlk\u00e4mpfe in Deutschland von den Anf\u00e4ngen im 19. Jahrhundert bis zur Bundesrepublik, <\/em>ed. &nbsp;Gerhard A. Ritter (D\u00fcsseldorf: Droste, 1997): 131-167.&nbsp;<\/a><\/p>\n<p>\u201cIl caso tedesco\u201d [Elections, Parties and Parliaments in Germany, 1800 to now], in <em>I Sistemi Ellettorali in Europa. Tra e novocento<\/em>, ed. Maria Sirena Piretti (Rome &amp; Bari: Laterza, 1997): 35-80.<\/p>\n","protected":false},"excerpt":{"rendered":"<p>AUTHORED BOOKS The Rise and Fall of Comradeship: Hitler\u2019s Soldiers, Male Bonding and Mass Violence in the 20th Century (Cambridge: Cambridge University Press 2017) Belonging and Genocide. Hitler\u2019s Community, 1918-1945 (New Haven: Yale University Press, 2010; paperback 2013) &#8211; Italian &hellip; <a href=\"https:\/\/wordpress.clarku.edu\/tkuehne\/research\/\">Continue reading <span class=\"meta-nav\">&rarr;<\/span><\/a><\/p>\n","protected":false},"author":91,"featured_media":0,"parent":0,"menu_order":1,"comment_status":"closed","ping_status":"closed","template":"","meta":{"ngg_post_thumbnail":0,"footnotes":""},"class_list":["post-17","page","type-page","status-publish","hentry"],"_links":{"self":[{"href":"https:\/\/wordpress.clarku.edu\/tkuehne\/wp-json\/wp\/v2\/pages\/17","targetHints":{"allow":["GET"]}}],"collection":[{"href":"https:\/\/wordpress.clarku.edu\/tkuehne\/wp-json\/wp\/v2\/pages"}],"about":[{"href":"https:\/\/wordpress.clarku.edu\/tkuehne\/wp-json\/wp\/v2\/types\/page"}],"author":[{"embeddable":true,"href":"https:\/\/wordpress.clarku.edu\/tkuehne\/wp-json\/wp\/v2\/users\/91"}],"replies":[{"embeddable":true,"href":"https:\/\/wordpress.clarku.edu\/tkuehne\/wp-json\/wp\/v2\/comments?post=17"}],"version-history":[{"count":0,"href":"https:\/\/wordpress.clarku.edu\/tkuehne\/wp-json\/wp\/v2\/pages\/17\/revisions"}],"wp:attachment":[{"href":"https:\/\/wordpress.clarku.edu\/tkuehne\/wp-json\/wp\/v2\/media?parent=17"}],"curies":[{"name":"wp","href":"https:\/\/api.w.org\/{rel}","templated":true}]}}