{"id":867,"date":"2013-01-14T14:37:29","date_gmt":"2013-01-14T14:37:29","guid":{"rendered":"http:\/\/wordpress.test.clarku.edu\/takcam\/?page_id=32"},"modified":"2018-01-18T20:33:27","modified_gmt":"2018-01-18T20:33:27","slug":"books","status":"publish","type":"page","link":"https:\/\/wordpress.clarku.edu\/takcam\/books\/","title":{"rendered":"Books"},"content":{"rendered":"<p><em><a href=\"https:\/\/wordpress.clarku.edu\/wp-content\/uploads\/sites\/232\/2018\/01\/00-Killing_orders_Cover_English.png\"><img loading=\"lazy\" decoding=\"async\" class=\"alignright wp-image-995\" src=\"https:\/\/wordpress.clarku.edu\/wp-content\/uploads\/sites\/232\/2018\/01\/00-Killing_orders_Cover_English-300x209.png\" alt=\"\" width=\"450\" height=\"313\" srcset=\"https:\/\/wordpress.clarku.edu\/takcam\/wp-content\/uploads\/sites\/232\/2018\/01\/00-Killing_orders_Cover_English-300x209.png 300w, https:\/\/wordpress.clarku.edu\/takcam\/wp-content\/uploads\/sites\/232\/2018\/01\/00-Killing_orders_Cover_English-768x535.png 768w, https:\/\/wordpress.clarku.edu\/takcam\/wp-content\/uploads\/sites\/232\/2018\/01\/00-Killing_orders_Cover_English.png 1000w\" sizes=\"auto, (max-width: 450px) 100vw, 450px\" \/><\/a>The Spirit of the Laws: The traces of Genocide in the Laws and Regulations on Confiscated Properties [of Armenians] <\/em>(Kanunlar\u0131n Ruhu, Emval-i Metruke Kanunlar\u0131nda Soyk\u0131r\u0131m\u0131n \u0130zini S\u00fcrmek), \u0130leti\u015fim, \u0130stanbul 2012<\/p>\n<p><em>&#8216;Young Turks&#8217; Crime Against Humanity: The Armenian Genocide and Ethnic Cleansing in the Ottoman Empire<\/em>, Princeton University Press, 2012<\/p>\n<p><em>Judgment at Istanbul: The Armenian Genocide Trials, <\/em>with Vahakn Dadrian, Berghahn Books, New York 2011.<\/p>\n<p><em>&#8220;Essays on 1915&#8221; <\/em>(1915 Yaz\u0131lar\u0131), \u0130leti\u015fim Publishing House, January 2010 (in Turkish)<\/p>\n<p><em>&#8220;Deportation and Massacres, Protocols of Military Tribunal, Trial of Union and Progress Party (1919-1922)&#8221;<\/em> (Tehcir ve Taktil Divan-\u0131 Harb-i \u00d6rfi Zab\u0131tlar\u0131 \/ \u0130ttihad ve Terakki&#8217;nin Yarg\u0131lanmas\u0131 (1919-1922) With Vahakn N. Dadrian, Bilgi University Publication, Istanbul 2009 (in Turkish).<\/p>\n<p><em>&#8220;Armenian Problem is solved&#8221; The Policies towards Armenians during the War Years According to Ottoman Documents<\/em> (&#8220;Ermeni Meselesi Hallolmu\u015ftur&#8221; Osmanl\u0131 Belgelerine G\u00f6re Sava\u015f Y\u0131llar\u0131nda Ermenilere Y\u00f6nelik Politikalar) \u0130leti\u015fim Publishing House, January 2008 (in Turkish)<\/p>\n<p><em>A Shameful Act: Armenian Genocide and the Question of Turkish Responsibility.<\/em> New York: Metropolitan Books, November 2006.<\/p>\n<p><em>From Empire to Republic: Turkish Nationalism and the Armenian Genocide.<\/em> London: Zed Books, 2004.<\/p>\n<p><a href=\"http:\/\/wordpress.test.clarku.edu\/takcam\/books\/is-there-any-solution-other-than-a-dialogue\/\">Is There Any Solution Other Than a Dialogue?<\/a><br \/>\nEnglish Translation of a Turkish Article published in 2002<\/p>\n<p>Dialogue Across an International Divide: Essays Towards a Turkish-Armenian Dialogue. Toronto: The Zoryan Institute of Canada, 2001.<\/p>\n<p><em>The Armenian Taboo Exposed <\/em>(Ermeni Tabusu Aralan\u0131rken). Ankara: Su Yay\u0131nlar\u0131, 2000 (in Turkish).<\/p>\n<p><em>Europe and Turkey <\/em>(Europa und die T\u00fcrkei). Hamburg: Green Party Publications, 2000 (in German).<\/p>\n<p><em>The Armenian Question and Human Rights in History: From the Party of Union and Progress to the Turkish War of Independence <\/em>(\u0130nsan Haklar\u0131 ve Ermeni Sorunu \u2013\u0130ttihat ve Terakki&#8217;den Kurtulu\u015f Sava\u015f\u0131na). Ankara: \u0130mge Yay\u0131nlar\u0131, 1999 (in Turkish; English translation in progress).<\/p>\n<p><em>The Armenian Question in History: The Turkish National Movement and the Istanbul Trials, 1919\u201322 <\/em>(Armenien und die V\u00f6lkermord. Die Istanbuler Prozesse und die t\u00fcrkische Nationalbewegung). Hamburg: Verlag Hamburger Edition, 1996 (in German).<\/p>\n<p><em>Re-envisioning the Republic of Turkey<\/em> (T\u00fcrkiye&#8217;yi Yeniden D\u00fcs\u00fcnmek). Istanbul: Birikim Yay\u0131nlar\u0131, 1995 (in Turkish).<\/p>\n<p><em>The Boundaries of Tolerance in Islam<\/em> (\u0130slamda Tolerans ve S\u0131n\u0131r\u0131). Ankara: Ba\u015fak Yay\u0131nlar\u0131, 1994 (in Turkish).<\/p>\n<p><em>The Armenian Question and Turkish National Identity<\/em> (T\u00fcrk Ulusal Kimli\u011fi ve Ermeni Sorunu). \u0130stanbul: \u0130leti\u015fim Yay\u0131nlar\u0131, 1992 (original in Turkish; Russian edition in 1995, Armenian in 1996, and Arabic in 1997).<\/p>\n<p><em>Torture and Violence in Turkish Political Culture<\/em> (Siyasi K\u00fclt\u00fcr\u00fcm\u00fczde Zul\u00fcm ve \u0130\u015fkence). \u0130stanbul: \u0130leti\u015fim Yay\u0131nlar\u0131, 1991 (in Turkish).<\/p>\n<p><em>Marxism and Human Rights<\/em> (\u0130nsan Haklari ve Marksizm). Istanbul: Ayr\u0131nt\u0131 Yay\u0131nlar\u0131, 1991 (in Turkish).<\/p>\n","protected":false},"excerpt":{"rendered":"<p>The Spirit of the Laws: The traces of Genocide in the Laws and Regulations on Confiscated Properties [of Armenians] (Kanunlar\u0131n Ruhu, Emval-i Metruke Kanunlar\u0131nda Soyk\u0131r\u0131m\u0131n \u0130zini S\u00fcrmek), \u0130leti\u015fim, \u0130stanbul 2012 [&hellip;]<\/p>\n","protected":false},"author":703,"featured_media":0,"parent":0,"menu_order":0,"comment_status":"closed","ping_status":"closed","template":"","meta":{"ngg_post_thumbnail":0,"footnotes":""},"class_list":["post-867","page","type-page","status-publish","czr-hentry"],"_links":{"self":[{"href":"https:\/\/wordpress.clarku.edu\/takcam\/wp-json\/wp\/v2\/pages\/867","targetHints":{"allow":["GET"]}}],"collection":[{"href":"https:\/\/wordpress.clarku.edu\/takcam\/wp-json\/wp\/v2\/pages"}],"about":[{"href":"https:\/\/wordpress.clarku.edu\/takcam\/wp-json\/wp\/v2\/types\/page"}],"author":[{"embeddable":true,"href":"https:\/\/wordpress.clarku.edu\/takcam\/wp-json\/wp\/v2\/users\/703"}],"replies":[{"embeddable":true,"href":"https:\/\/wordpress.clarku.edu\/takcam\/wp-json\/wp\/v2\/comments?post=867"}],"version-history":[{"count":0,"href":"https:\/\/wordpress.clarku.edu\/takcam\/wp-json\/wp\/v2\/pages\/867\/revisions"}],"wp:attachment":[{"href":"https:\/\/wordpress.clarku.edu\/takcam\/wp-json\/wp\/v2\/media?parent=867"}],"curies":[{"name":"wp","href":"https:\/\/api.w.org\/{rel}","templated":true}]}}