{"id":96,"date":"2011-02-08T23:46:02","date_gmt":"2011-02-08T18:46:02","guid":{"rendered":"https:\/\/wordpress.clarku.edu\/polypeet\/"},"modified":"2017-04-14T00:13:09","modified_gmt":"2017-04-13T19:13:09","slug":"links","status":"publish","type":"page","link":"https:\/\/wordpress.clarku.edu\/polypeet\/links\/","title":{"rendered":"Links"},"content":{"rendered":"<ul>\n<li><a href=\"http:\/\/www.mycobank.org\/\" target=\"_blank\">Mycobank<\/a>. The online database for fungal nomenclature and associated data<\/li>\n<\/ul>\n<ul>\n<li><a href=\"http:\/\/andromeda.botany.gu.se\/cortbase.html\" target=\"_blank\">Cortbase<\/a>. A nomenclatural database of corticioid fungi<\/li>\n<\/ul>\n<ul>\n<li>Herbarium and culture collection of the <a href=\"http:\/\/www.fpl.fs.fed.us\/search\/mycology_request.php\" target=\"_blank\">Center For Forest Mycology Research<\/a> (Madison,WI)<\/li>\n<\/ul>\n<ul>\n<li>Polypore collection of <a href=\"http:\/\/mykoweb.prf.jcu.cz\/polypores\/index.html\" target=\"_blank\">Dr. Josef Vlas\u00e1k<\/a><\/li>\n<\/ul>\n<ul>\n<li><a href=\"http:\/\/www.freewebs.com\/spgorjon\/\" target=\"_blank\">Sergio P\u00e9rez Gorj\u00f3n<\/a> website of taxonomy, diversity and ecology of polyporoid and corticioid fungi<\/li>\n<\/ul>\n<ul>\n<li><a href=\"http:\/\/tolweb.org\/Agaricomycetes\/20535\" target=\"_blank\">Tree of Life<\/a> webpages<\/li>\n<\/ul>\n<ul>\n<li><a href=\"http:\/\/www.eol.org\/pages\/5897\" target=\"_blank\">Encyclopedia of Life<\/a> webpages<\/li>\n<\/ul>\n<ul>\n<li><a href=\"http:\/\/mushroomobserver.org\/\" target=\"_blank\">Mushroom Observer<\/a><\/li>\n<\/ul>\n<ul>\n<li><a href=\"http:\/\/corticioids.webs.com\/\" target=\"_blank\">Corticioid Fungi<\/a> (site by Sergio P\u00e9rez Gorj\u00f3n)<\/li>\n<\/ul>\n<p>&nbsp;<\/p>\n","protected":false},"excerpt":{"rendered":"<p>Mycobank. The online database for fungal nomenclature and associated data Cortbase. A nomenclatural database of corticioid fungi Herbarium and culture collection of the Center For Forest Mycology Research (Madison,WI) Polypore collection of Dr. Josef Vlas\u00e1k Sergio P\u00e9rez Gorj\u00f3n website of &hellip; <a href=\"https:\/\/wordpress.clarku.edu\/polypeet\/links\/\">Continue reading <span class=\"meta-nav\">&rarr;<\/span><\/a><\/p>\n","protected":false},"author":29,"featured_media":0,"parent":0,"menu_order":0,"comment_status":"closed","ping_status":"closed","template":"onecolumn-page.php","meta":{"ngg_post_thumbnail":0,"footnotes":""},"class_list":["post-96","page","type-page","status-publish","hentry"],"_links":{"self":[{"href":"https:\/\/wordpress.clarku.edu\/polypeet\/wp-json\/wp\/v2\/pages\/96","targetHints":{"allow":["GET"]}}],"collection":[{"href":"https:\/\/wordpress.clarku.edu\/polypeet\/wp-json\/wp\/v2\/pages"}],"about":[{"href":"https:\/\/wordpress.clarku.edu\/polypeet\/wp-json\/wp\/v2\/types\/page"}],"author":[{"embeddable":true,"href":"https:\/\/wordpress.clarku.edu\/polypeet\/wp-json\/wp\/v2\/users\/29"}],"replies":[{"embeddable":true,"href":"https:\/\/wordpress.clarku.edu\/polypeet\/wp-json\/wp\/v2\/comments?post=96"}],"version-history":[{"count":0,"href":"https:\/\/wordpress.clarku.edu\/polypeet\/wp-json\/wp\/v2\/pages\/96\/revisions"}],"wp:attachment":[{"href":"https:\/\/wordpress.clarku.edu\/polypeet\/wp-json\/wp\/v2\/media?parent=96"}],"curies":[{"name":"wp","href":"https:\/\/api.w.org\/{rel}","templated":true}]}}