{"id":5,"date":"2011-12-09T20:12:25","date_gmt":"2011-12-09T20:12:25","guid":{"rendered":"https:\/\/wordpress.clarku.edu\/macostacruz\/?page_id=5"},"modified":"2021-11-29T16:48:05","modified_gmt":"2021-11-29T16:48:05","slug":"useful-sites","status":"publish","type":"page","link":"https:\/\/wordpress.clarku.edu\/macostacruz\/","title":{"rendered":"Useful Sites for Spanish Learning"},"content":{"rendered":"<p style=\"text-align: center\"><a href=\"https:\/\/wordpress.clarku.edu\/wp-content\/uploads\/sites\/69\/2020\/07\/diccionario-1.png\"><img loading=\"lazy\" decoding=\"async\" class=\"alignnone wp-image-288 size-medium\" style=\"border: 1px solid black;margin: 0px 0px 10px 10px\" src=\"https:\/\/wordpress.clarku.edu\/wp-content\/uploads\/sites\/69\/2020\/07\/diccionario-1-300x225.png\" alt=\"\" data-darkreader-inline-border-top=\"\" data-darkreader-inline-border-right=\"\" data-darkreader-inline-border-bottom=\"\" data-darkreader-inline-border-left=\"\" width=\"300\" height=\"225\" srcset=\"https:\/\/wordpress.clarku.edu\/macostacruz\/wp-content\/uploads\/sites\/69\/2020\/07\/diccionario-1-300x225.png 300w, https:\/\/wordpress.clarku.edu\/macostacruz\/wp-content\/uploads\/sites\/69\/2020\/07\/diccionario-1-1024x768.png 1024w, https:\/\/wordpress.clarku.edu\/macostacruz\/wp-content\/uploads\/sites\/69\/2020\/07\/diccionario-1-768x576.png 768w, https:\/\/wordpress.clarku.edu\/macostacruz\/wp-content\/uploads\/sites\/69\/2020\/07\/diccionario-1-1536x1152.png 1536w, https:\/\/wordpress.clarku.edu\/macostacruz\/wp-content\/uploads\/sites\/69\/2020\/07\/diccionario-1-100x75.png 100w, https:\/\/wordpress.clarku.edu\/macostacruz\/wp-content\/uploads\/sites\/69\/2020\/07\/diccionario-1-150x113.png 150w, https:\/\/wordpress.clarku.edu\/macostacruz\/wp-content\/uploads\/sites\/69\/2020\/07\/diccionario-1-200x150.png 200w, https:\/\/wordpress.clarku.edu\/macostacruz\/wp-content\/uploads\/sites\/69\/2020\/07\/diccionario-1-450x338.png 450w, https:\/\/wordpress.clarku.edu\/macostacruz\/wp-content\/uploads\/sites\/69\/2020\/07\/diccionario-1-600x450.png 600w, https:\/\/wordpress.clarku.edu\/macostacruz\/wp-content\/uploads\/sites\/69\/2020\/07\/diccionario-1-900x675.png 900w, https:\/\/wordpress.clarku.edu\/macostacruz\/wp-content\/uploads\/sites\/69\/2020\/07\/diccionario-1.png 2048w\" sizes=\"auto, (max-width: 300px) 100vw, 300px\" \/><\/a><\/p>\n<h4 style=\"text-align: center\"><strong>For all Clark resource needs:<\/strong> <a href=\"http:\/\/www.clarku.edu\/research\/goddard\/\" target=\"_blank\" rel=\"noopener noreferrer\">Godda<\/a><a href=\"http:\/\/www.clarku.edu\/research\/goddard\/\" target=\"_blank\" rel=\"noopener noreferrer\">rd Library<\/a><\/h4>\n<h4 style=\"text-align: center\"><a href=\"https:\/\/www.podiumpodcast.com\/\" target=\"_blank\" rel=\"noopener\">Podcasts &#8212; Pick some and listen!<\/a><\/h4>\n<h4 style=\"text-align: center\"><strong style=\"color: #008000;text-align: center\" data-darkreader-inline-color=\"\">For Spanish Grammar:<\/strong><\/h4>\n<h4><a href=\"https:\/\/studyspanish.com\/grammar\" target=\"_blank\" rel=\"noopener\">Study Spanish<\/a><\/h4>\n<h4><a href=\"https:\/\/personal.colby.edu\/~bknelson\/SLC\/index.html\" target=\"_blank\" rel=\"noopener\">Spanish Language and Culture with Barbara Kuczun Nelson <\/a><\/h4>\n<h4><a href=\"https:\/\/espanol.lingolia.com\/es\/\" target=\"_blank\" rel=\"noopener\">Lingolia para espa\u00f1ol<\/a> &#8211; buenas explicaciones y pr\u00e1cticas<\/h4>\n<h4><a href=\"https:\/\/www.myhappyenglish.com\/free-english-lesson\/2019\/06\/23\/basic-english-grammar-terms\/\" target=\"_blank\" rel=\"noopener\">Basic English Grammar Terms<\/a><\/h4>\n<h4><a href=\"https:\/\/cvc.cervantes.es\/portada.htm\" target=\"_blank\" rel=\"noopener noreferrer\">Centro Virtual <\/a><a style=\"font-size: 16px\" href=\"https:\/\/cvc.cervantes.es\/portada.htm\" target=\"_blank\" rel=\"noopener noreferrer\">Cervantes<\/a><span style=\"font-size: 16px\"><br \/>\n<\/span><\/h4>\n<h4 style=\"text-align: center\"><span style=\"color: #008000\" data-darkreader-inline-color=\"\"><strong style=\"text-align: center\">F<\/strong><strong style=\"text-align: center\">or Spanish Translation and Reference:<\/strong><\/span><\/h4>\n<h4><a href=\"http:\/\/www.rae.es\/\" target=\"_blank\" rel=\"noopener noreferrer\">Real Academia Espa\u00f1ola<\/a>&nbsp;<\/h4>\n<h4><a href=\"https:\/\/www.wordreference.com\/\" target=\"_blank\" rel=\"noopener\">Word Reference<\/a><\/h4>\n<h4><a href=\"http:\/\/translate.google.com\/\" target=\"_blank\" rel=\"noopener noreferrer\">Google Translate<\/a> Great if you&#8217;re bilingual. If you&#8217;re not, <strong>beware<\/strong>.<\/h4>\n<h4><a href=\"http:\/\/servicios.elpais.com\/diccionarios\/\" target=\"_blank\" rel=\"noopener\">Diccionarios de El Pa\u00eds<\/a><\/h4>\n<h4><a href=\"https:\/\/www.fundeu.es\/\" target=\"_blank\" rel=\"noopener\">Fund\u00e9uRAE, La Fundaci\u00f3n del Espa\u00f1ol Urgente<\/a><\/h4>\n<h4><a href=\"https:\/\/www.powerthesaurus.org\/\" target=\"_blank\" rel=\"noopener\">Power The<\/a><a style=\"font-size: 16px\" href=\"https:\/\/www.powerthesaurus.org\/\">saurus<\/a><\/h4>\n<h5><a style=\"font-size: 16px\" href=\"http:\/\/es.wikipedia.org\/wiki\/Wikipedia:Portada\/\" target=\"_blank\" rel=\"noopener noreferrer\">Wikipedia en espa\u00f1ol<\/a><\/h5>\n","protected":false},"excerpt":{"rendered":"<p>For all Clark resource needs: Goddard Library Podcasts &#8212; Pick some and listen! For Spanish Grammar: Study Spanish Spanish Language and Culture with Barbara Kuczun Nelson Lingolia para espa\u00f1ol &#8211; buenas explicaciones y pr\u00e1cticas Basic English Grammar Terms Centro Virtual &hellip;<\/p>\n<p class=\"read-more\"> <a class=\"more-link\" href=\"https:\/\/wordpress.clarku.edu\/macostacruz\/\"> <span class=\"screen-reader-text\">Useful Sites for Spanish Learning<\/span> Read More &raquo;<\/a><\/p>\n","protected":false},"author":91,"featured_media":0,"parent":0,"menu_order":5,"comment_status":"closed","ping_status":"closed","template":"","meta":{"ngg_post_thumbnail":0,"footnotes":""},"class_list":["post-5","page","type-page","status-publish","hentry"],"_links":{"self":[{"href":"https:\/\/wordpress.clarku.edu\/macostacruz\/wp-json\/wp\/v2\/pages\/5","targetHints":{"allow":["GET"]}}],"collection":[{"href":"https:\/\/wordpress.clarku.edu\/macostacruz\/wp-json\/wp\/v2\/pages"}],"about":[{"href":"https:\/\/wordpress.clarku.edu\/macostacruz\/wp-json\/wp\/v2\/types\/page"}],"author":[{"embeddable":true,"href":"https:\/\/wordpress.clarku.edu\/macostacruz\/wp-json\/wp\/v2\/users\/91"}],"replies":[{"embeddable":true,"href":"https:\/\/wordpress.clarku.edu\/macostacruz\/wp-json\/wp\/v2\/comments?post=5"}],"version-history":[{"count":0,"href":"https:\/\/wordpress.clarku.edu\/macostacruz\/wp-json\/wp\/v2\/pages\/5\/revisions"}],"wp:attachment":[{"href":"https:\/\/wordpress.clarku.edu\/macostacruz\/wp-json\/wp\/v2\/media?parent=5"}],"curies":[{"name":"wp","href":"https:\/\/api.w.org\/{rel}","templated":true}]}}