{"id":3,"date":"2011-12-09T20:02:25","date_gmt":"2011-12-09T20:02:25","guid":{"rendered":"https:\/\/wordpress.clarku.edu\/macostacruz\/?page_id=3"},"modified":"2021-02-21T15:56:48","modified_gmt":"2021-02-21T15:56:48","slug":"news-in-spanish","status":"publish","type":"page","link":"https:\/\/wordpress.clarku.edu\/macostacruz\/news-in-spanish\/","title":{"rendered":"Noticieros, Podcasts y otras cosas"},"content":{"rendered":"<p style=\"text-align: center\"><a href=\"https:\/\/wordpress.clarku.edu\/wp-content\/uploads\/sites\/69\/2020\/07\/noticias-2.png\"><img loading=\"lazy\" decoding=\"async\" class=\"alignnone wp-image-289 size-medium\" style=\"border: 1px solid black;margin: 0px 0px 10px 10px\" src=\"https:\/\/wordpress.clarku.edu\/wp-content\/uploads\/sites\/69\/2020\/07\/noticias-2-300x225.png\" alt=\"\" width=\"300\" height=\"225\" data-darkreader-inline-border-top=\"\" data-darkreader-inline-border-right=\"\" data-darkreader-inline-border-bottom=\"\" data-darkreader-inline-border-left=\"\" srcset=\"https:\/\/wordpress.clarku.edu\/macostacruz\/wp-content\/uploads\/sites\/69\/2020\/07\/noticias-2-300x225.png 300w, https:\/\/wordpress.clarku.edu\/macostacruz\/wp-content\/uploads\/sites\/69\/2020\/07\/noticias-2-1024x768.png 1024w, https:\/\/wordpress.clarku.edu\/macostacruz\/wp-content\/uploads\/sites\/69\/2020\/07\/noticias-2-768x576.png 768w, https:\/\/wordpress.clarku.edu\/macostacruz\/wp-content\/uploads\/sites\/69\/2020\/07\/noticias-2-1536x1152.png 1536w, https:\/\/wordpress.clarku.edu\/macostacruz\/wp-content\/uploads\/sites\/69\/2020\/07\/noticias-2-100x75.png 100w, https:\/\/wordpress.clarku.edu\/macostacruz\/wp-content\/uploads\/sites\/69\/2020\/07\/noticias-2-150x113.png 150w, https:\/\/wordpress.clarku.edu\/macostacruz\/wp-content\/uploads\/sites\/69\/2020\/07\/noticias-2-200x150.png 200w, https:\/\/wordpress.clarku.edu\/macostacruz\/wp-content\/uploads\/sites\/69\/2020\/07\/noticias-2-450x338.png 450w, https:\/\/wordpress.clarku.edu\/macostacruz\/wp-content\/uploads\/sites\/69\/2020\/07\/noticias-2-600x450.png 600w, https:\/\/wordpress.clarku.edu\/macostacruz\/wp-content\/uploads\/sites\/69\/2020\/07\/noticias-2-900x675.png 900w, https:\/\/wordpress.clarku.edu\/macostacruz\/wp-content\/uploads\/sites\/69\/2020\/07\/noticias-2.png 2048w\" sizes=\"auto, (max-width: 300px) 100vw, 300px\" \/><\/a><\/p>\n<p><a href=\"https:\/\/www.podiumpodcast.com\/podcasts\/\">Podium Podcasts<\/a><\/p>\n<p><a href=\"https:\/\/www.escuchapodcast.com.ar\/\">Rese\u00f1as de podcasts (Argentina)<\/a><\/p>\n<p><a href=\"https:\/\/www.bbc.com\/mundo\" target=\"_blank\" rel=\"noopener noreferrer\">BBC Mundo<\/a>&nbsp;&#8211; Great overall<\/p>\n<p>Espa\u00f1a:&nbsp;<a href=\"http:\/\/www.elpais.com\/\" target=\"_blank\" rel=\"noopener noreferrer\">El Pa\u00eds<\/a><\/p>\n<p><a href=\"http:\/\/lanic.utexas.edu\/la\/region\/news\/\">List of news sites by country<\/a><\/p>\n<p>Cuba: <a href=\"https:\/\/www.14ymedio.com\/\">14ymedio<\/a><\/p>\n<p>Cuba: Portal <a href=\"http:\/\/www.tvcubana.icrt.cu\/3833-nuevos-ajustes-en-el-canal-hd-caribe\">TV cubana<\/a><\/p>\n<p>Puerto Rico: <a href=\"http:\/\/www.endi.com\/\" target=\"_blank\" rel=\"noopener noreferrer\">El Nuevo D\u00eda<\/a><\/p>\n<p>Puerto Rico: <a href=\"https:\/\/www.elvocero.com\/\">El Vocero<\/a><\/p>\n<p>Rep\u00fablica Dominicana:&nbsp;<a href=\"https:\/\/www.diariolibre.com\/\">Diario Libre<\/a><\/p>\n<p>Rep\u00fablica Dominicana: <a href=\"https:\/\/listindiario.com\/\">List\u00edn Diario<\/a><\/p>\n","protected":false},"excerpt":{"rendered":"<p>Podium Podcasts Rese\u00f1as de podcasts (Argentina) BBC Mundo&nbsp;&#8211; Great overall Espa\u00f1a:&nbsp;El Pa\u00eds List of news sites by country Cuba: 14ymedio Cuba: Portal TV cubana Puerto Rico: El Nuevo D\u00eda Puerto Rico: El Vocero Rep\u00fablica Dominicana:&nbsp;Diario Libre Rep\u00fablica Dominicana: List\u00edn Diario<\/p>\n","protected":false},"author":91,"featured_media":0,"parent":0,"menu_order":3,"comment_status":"closed","ping_status":"closed","template":"","meta":{"ngg_post_thumbnail":0,"footnotes":""},"class_list":["post-3","page","type-page","status-publish","hentry"],"_links":{"self":[{"href":"https:\/\/wordpress.clarku.edu\/macostacruz\/wp-json\/wp\/v2\/pages\/3","targetHints":{"allow":["GET"]}}],"collection":[{"href":"https:\/\/wordpress.clarku.edu\/macostacruz\/wp-json\/wp\/v2\/pages"}],"about":[{"href":"https:\/\/wordpress.clarku.edu\/macostacruz\/wp-json\/wp\/v2\/types\/page"}],"author":[{"embeddable":true,"href":"https:\/\/wordpress.clarku.edu\/macostacruz\/wp-json\/wp\/v2\/users\/91"}],"replies":[{"embeddable":true,"href":"https:\/\/wordpress.clarku.edu\/macostacruz\/wp-json\/wp\/v2\/comments?post=3"}],"version-history":[{"count":0,"href":"https:\/\/wordpress.clarku.edu\/macostacruz\/wp-json\/wp\/v2\/pages\/3\/revisions"}],"wp:attachment":[{"href":"https:\/\/wordpress.clarku.edu\/macostacruz\/wp-json\/wp\/v2\/media?parent=3"}],"curies":[{"name":"wp","href":"https:\/\/api.w.org\/{rel}","templated":true}]}}