{"id":70,"date":"2014-07-07T20:48:37","date_gmt":"2014-07-07T20:48:37","guid":{"rendered":"https:\/\/wordpress.clarku.edu\/jgibbons\/?page_id=70"},"modified":"2018-07-30T10:51:33","modified_gmt":"2018-07-30T10:51:33","slug":"publications","status":"publish","type":"page","link":"https:\/\/wordpress.clarku.edu\/jgibbons\/publications\/","title":{"rendered":"Publications"},"content":{"rendered":"<p style=\"padding-left: 30px\"><a href=\"http:\/\/scholar.google.com\/citations?user=7E-hJyIAAAAJ&amp;hl=en\">Google Scholar<\/a><\/p>\n<p style=\"padding-left: 30px\"><a title=\"PubMed\" href=\"http:\/\/www.ncbi.nlm.nih.gov\/pubmed?term=gibbons%20JG%5BAuthor%5D%20NOT%20%22bioelectrical%22%5BAll%20Fields%5D&amp;cmd=DetailsSearch\">PubMed<\/a><\/p>\n<p>&nbsp;<\/p>\n<hr>\n<p style=\"text-align: center\"><strong>2018<\/strong><\/p>\n<hr>\n<p style=\"text-align: left;padding-left: 30px\"><strong><span style=\"color: #0000ff\">(24)<\/span><\/strong> Zhao, S., and&nbsp;<strong>J.G. Gibbons<\/strong>.&nbsp;A population genomic characterization of copy number variation in the opportunistic fungal pathogen <em>Aspergillus fumigatus<\/em>. <em>PLoS One<\/em> (<em>in press<\/em>)&nbsp;<\/p>\n<hr>\n<p style=\"padding-left: 30px;text-align: center\"><strong>2017<\/strong><\/p>\n<hr>\n<p style=\"padding-left: 30px\"><span style=\"color: #0000ff\"><strong>(23)<\/strong><\/span> Valsecchi, I., V. Dupres, E. Stephen-Victor, J.I. Guijarro, <strong>J.G. Gibbons<\/strong>, R. Beau, J. Bayry, J.-Y. Coppee, F. Lafont, J.-P. Latg\u00e9, and A. Beauvais. Role of Hydrophobins in <em>Aspergillus fumigatus<\/em>. <strong><em>Journal of Fungi<\/em><\/strong>: 4:1.<\/p>\n<p style=\"text-align: left;padding-left: 30px\"><strong><span style=\"color: #0000ff\">(22)<\/span><\/strong>&nbsp;<strong>Chacon-Vargas, K.<\/strong>, A.A. Chirino, M.M. Davis, S.A. Debler, W.R. Haimer, J.J. Wilbur, X. Mo, B.W. Worthing, E.G. Wainblat, <strong>S. Zhao<\/strong>, and&nbsp;<strong>J.G. Gibbons<\/strong>. The Genome Sequence of <i>Zymomonas mobilis<\/i> subsp. <i>mobilis<\/i> NRRL B-1960. <em><strong>Genome Announcements<\/strong>: <\/em>5(30), pp.e00562- 17.&nbsp;<strong><a style=\"color: #ff0000\" href=\"https:\/\/wordpress.clarku.edu\/wp-content\/uploads\/sites\/297\/2014\/07\/2017_Chacon-Vargas_GenomeAnnouncements.pdf\">PDF<\/a><\/strong><\/p>\n<p style=\"text-align: left;padding-left: 30px\"><span style=\"text-decoration: underline\"><strong><span style=\"color: #ff0000;text-decoration: underline\"><a style=\"color: #ff0000;text-decoration: underline\" href=\"http:\/\/www.clarku.edu\/articles\/biology-class-scientific-journal-publication-students-get-taste-genome-research\">Cl<\/a>ark University Research Matters Article<\/span><\/strong><\/span><\/p>\n<p style=\"text-align: left;padding-left: 30px\"><strong><span style=\"color: #0000ff\">(21)&nbsp;<\/span><\/strong>Valsecchi, I., O. Sarikayabayram, J. Wong Sak Hoi, L. Muszkieta, <strong>J.G. Gibbons<\/strong>, M.-C. Prevost, A. Mallet, J. Krijnse-Locker, O. Granet, I. Mouyna, P. Carr, M. Bromley, V. K. Aimanianda, vishu kumar; J.-H. Yu, A. Rokas, G. Braus, C. Saveanu, O. Bayram, &amp; J.-P. Latg\u00e9 (2017). MybA, a transcription factor involved in conidiation and conidial viability of the human pathogen Aspergillus fumigatus. <em><strong>Molecular Microbiology<\/strong><\/em>: 105: 880-900.&nbsp;<strong><a style=\"color: #ff0000\" href=\"https:\/\/wordpress.clarku.edu\/wp-content\/uploads\/sites\/297\/2014\/07\/2017_Valsecchi_MolecularMicrobiology.pdf\">PDF<\/a><\/strong><\/p>\n<p style=\"text-align: left;padding-left: 30px\"><strong><span style=\"color: #0000ff\">(20)<\/span><\/strong> Wu, M., <strong>J.G. Gibbons<\/strong>, G. Deloid, A. Bedugnis, R. Thimmulappa, S. Biswal, and L. Kobzik (2017). Immunomodulators Targeting MARCO Expression Improve Resistance to Post-influenza Bacterial Pneumonia. <em><strong>American Journal of Physiology-Lung Cellular and Molecular Physiology<\/strong>: <\/em>pp.ajplung-00075. <strong><a style=\"color: #ff0000\" href=\"https:\/\/wordpress.clarku.edu\/wp-content\/uploads\/sites\/297\/2014\/07\/2017_Wu_AmJourPhysLungCellMolPhysiol.pdf\">PDF<\/a><\/strong><\/p>\n<hr>\n<p style=\"text-align: center\">&nbsp;<strong>2016<\/strong><\/p>\n<hr>\n<p style=\"padding-left: 30px\"><strong><span style=\"color: #0000ff\">(19)<\/span><\/strong> <strong>Steenwyk, J.L.<\/strong>, J.S. Soghigian, J.R. Perfect, and <strong>J.<\/strong><strong>G. Gibbons <\/strong>(2016).<strong>&nbsp;<\/strong>Copy number variation contributes to cryptic genetic variation in outbreak lineages of <em>Cryptococcus gattii<\/em> from the North American Pacific Northwest. <strong><em>BMC Genomics<\/em><\/strong><em>: <\/em>17:700.<em>&nbsp;<\/em><span style=\"color: #ff0000\"><strong><a style=\"color: #ff0000\" href=\"https:\/\/wordpress.clarku.edu\/wp-content\/uploads\/sites\/297\/2014\/07\/2016_Steenwyk_BMCGenomics.pdf\">PDF<\/a><\/strong><\/span><\/p>\n<p style=\"padding-left: 30px\"><strong><span style=\"color: #0000ff\">(18)<\/span>&nbsp;<\/strong>Staehlin, B. M., <strong>J. G. Gibbons<\/strong>, A. Rokas, T. V. O\u2019Halloran, &amp; J. C. Slot (2016). Evolution of a heavy metal homeostasis\/resistance island reflects increasing copper stress in Enterobacteria. <em><strong>Genome Biology and Evolution<\/strong><\/em>: 8 (3), 811-826.&nbsp;<strong><span style=\"color: #ff0000\"><a style=\"color: #ff0000\" href=\"https:\/\/wordpress.clarku.edu\/wp-content\/uploads\/sites\/297\/2014\/07\/2016_Staehlin_GBE.pdf\">PDF<\/a><\/span><\/strong><\/p>\n<hr>\n<p style=\"text-align: center\">&nbsp;<strong>2015<\/strong><\/p>\n<hr>\n<p style=\"padding-left: 30px\"><strong><span style=\"color: #0000ff\">(17)<\/span>&nbsp;Gibbons, J.G.<\/strong>, D.C.&nbsp;Rinker. (2015). The Genomics of Microbial Domestication in the Fermented Food Environment.&nbsp;<strong><em>Current Opinion in Genetics &amp; Development:&nbsp;<\/em><\/strong>35: 1-8.&nbsp;<span style=\"color: #ff0000\"><strong><a style=\"color: #ff0000\" href=\"https:\/\/wordpress.clarku.edu\/wp-content\/uploads\/sites\/297\/2014\/07\/2015_Gibbons_Rinker_COGD.pdf\">PDF<\/a><\/strong><\/span><\/p>\n<p style=\"padding-left: 30px\"><strong><span style=\"color: #0000ff\">(16)<\/span>&nbsp;Gibbons, J.G.*<\/strong>, A. Branco*, S.A. Godinho, S. Yu, and B. Lemos (2015). Concerted copy number variation balances ribosomal DNA dosage in human and mouse genomes.&nbsp;<em><strong>PNAS<\/strong><\/em>:&nbsp;8: 2485-2490<em>.&nbsp;<\/em>(*Equal contributors)&nbsp;<span style=\"color: #ff0000\"><strong><a style=\"color: #ff0000\" href=\"https:\/\/wordpress.clarku.edu\/wp-content\/uploads\/sites\/297\/2014\/07\/PNAS-2015-Gibbons-2485-90.pdf\">PDF<\/a><\/strong><\/span><\/p>\n<p style=\"padding-left: 30px\"><strong><span style=\"color: #ff0000\"><a style=\"color: #ff0000\" href=\"https:\/\/wordpress.clarku.edu\/wp-content\/uploads\/sites\/297\/2014\/07\/PNAS-2015-Malone-1500054112.pdf\">Commentary in PNAS<\/a><\/span><\/strong><\/p>\n<hr>\n<p style=\"text-align: center\">&nbsp;<strong>2014<\/strong><\/p>\n<hr>\n<p style=\"padding-left: 30px\"><strong><span style=\"color: #0000ff\">(15)<\/span> Gibbons, J.G.<\/strong>, A. Branco, S. Yu, and B. Lemos (2014).&nbsp;Ribosomal DNA copy number is coupled with gene expression variation and mitochondrial abundance in humans. <em><strong>Nature Communications<\/strong><\/em>: 5.&nbsp;<strong><span style=\"color: #ff0000\"><a style=\"color: #ff0000\" href=\"https:\/\/wordpress.clarku.edu\/wp-content\/uploads\/sites\/297\/2014\/07\/Gibbons_NatureCommunications_2014.pdf\">PDF<\/a><\/span><\/strong><\/p>\n<hr>\n<p style=\"text-align: center\">&nbsp;<strong>2013<\/strong><\/p>\n<hr>\n<p style=\"padding-left: 30px\"><span style=\"color: #0000ff\"><strong>(14)<\/strong><\/span> Muszkieta, L., A. Beauvais, V. P\u00e4htz, <strong>J. G. Gibbons<\/strong>, V. A. Leberre, R. Beau, K. Shibuya, A. Rokas, J. M. Francois, O. Kniemeyyer, A. A. Brakhage, and J.-P. Latge (2013). Investigation of <em>Aspergillus fumigatus<\/em> biofilm formation by various \u201comics\u201d approaches. <strong><em>Frontiers in Microbiology<\/em><\/strong>: 4. <span style=\"color: #ff0000\"><strong><a style=\"color: #ff0000\" href=\"https:\/\/wordpress.clarku.edu\/wp-content\/uploads\/sites\/297\/2014\/07\/2013_Muszkieta_etal_FM.pdf\">PDF<\/a><\/strong><\/span><\/p>\n<p style=\"padding-left: 30px\"><span style=\"color: #0000ff\"><strong>(13)<\/strong><\/span> Ubaida Mohien, C., D. R. Colquhoun, D. K. Mathias, <strong>J. G. Gibbons<\/strong>, J. S. Armistead, M. del Carmen-Rodriguez, M. H. Rodriguez, N. J. Edwards, J. Hartler, G. G. Thallinger, D. R. Graham, J. Martinez-Barnetche, A. Rokas, and R. R. Dinglasan (2013). A bioinformatics approach for integrated transcriptomic and proteomic comparative analyses of model and non-sequenced anopheline vectors of human malaria parasites. <strong><em>Molecular &amp; Cellular Proteomics<\/em><\/strong>: 12: 120-131. <span style=\"color: #ff0000\"><strong><a style=\"color: #ff0000\" href=\"https:\/\/wordpress.clarku.edu\/wp-content\/uploads\/sites\/297\/2014\/07\/2013_UbaidaMohien_etal_MCP.pdf\">PDF<\/a><\/strong><\/span><\/p>\n<hr>\n<p style=\"text-align: center\">&nbsp;<strong>2012<\/strong><\/p>\n<hr>\n<p style=\"padding-left: 30px\"><strong><span style=\"color: #0000ff\">(12)<\/span> Gibbons, J. G.<\/strong>, and A. Rokas (2012). The function and evolution of the <em>Aspergillus<\/em> genome. <strong><em>Trends in Microbiology<\/em><\/strong>: 21: 14-22.&nbsp;<span style=\"color: #ff0000\"><strong><a style=\"color: #ff0000\" href=\"https:\/\/wordpress.clarku.edu\/wp-content\/uploads\/sites\/297\/2014\/07\/2013_Gibbons_Rokas_TiM.pdf\">PDF<\/a><\/strong><\/span><\/p>\n<p style=\"padding-left: 30px\"><span style=\"color: #0000ff\"><strong>(11)<\/strong><\/span> Elmore, M.H.*, <strong>J.G. Gibbons<\/strong>*, and A. Rokas (2012). Assessing the genome-wide effect of promoter region tandem repeat natural variation on gene expression. <strong><em>G3<\/em><\/strong> 2:1643-1649. (*Equal contributors)&nbsp;<span style=\"color: #ff0000\"><strong><a style=\"color: #ff0000\" href=\"https:\/\/wordpress.clarku.edu\/wp-content\/uploads\/sites\/297\/2014\/07\/2012_Elmore_etal_G3.pdf\">PDF<\/a><\/strong><\/span><\/p>\n<p style=\"padding-left: 30px\"><span style=\"color: #0000ff\"><strong>(10)<\/strong><\/span> Rokas, A., <strong>J. G. Gibbons<\/strong>, X. Zhou, A. Beauvais, and J.-P. Latge (2012). The diverse applications of RNA-seq for functional genomic studies in <em>Aspergillus fumigatus<\/em>. <strong><em>Annals of the New York Academy of Sciences<\/em><\/strong> 1273:25-34.&nbsp;<span style=\"color: #ff0000\"><strong><a style=\"color: #ff0000\" href=\"https:\/\/wordpress.clarku.edu\/wp-content\/uploads\/sites\/297\/2014\/07\/2012_Rokas_etal_ANYAS.pdf\">PDF<\/a><\/strong><\/span><\/p>\n<p style=\"padding-left: 30px\"><strong><span style=\"color: #0000ff\">(9)<\/span> Gibbons, J. G.<\/strong>, L. Salichos, J. C. Slot, D. C. Rinker, K. L. McGary, J. G. King, M. A. Klich, D. L. Tabb, W. H. McDonald, and A. Rokas (2012). The evolutionary imprint of domestication on genome variation and function of the filamentous fungus <em>Aspergillus oryzae<\/em>. <strong><em>Current Biology<\/em><\/strong>: 22: 1-7.&nbsp;<span style=\"color: #ff0000\"><strong><a style=\"color: #ff0000\" href=\"https:\/\/wordpress.clarku.edu\/wp-content\/uploads\/sites\/297\/2014\/07\/2012_Gibbons_etal_CB.pdf\">PDF<\/a><\/strong><\/span><\/p>\n<p style=\"padding-left: 30px\"><span style=\"color: #ff0000\"><strong><a href=\"http:\/\/www.scientificamerican.com\/podcast\/episode\/japanese-cuisine-fungus-domesticate-12-07-26\/\"><span style=\"color: #ff0000\">Scientific American podcast<\/span><\/a><\/strong><\/span>&nbsp; &nbsp; <span style=\"color: #ff0000\"><strong><a href=\"http:\/\/schaechter.asmblog.org\/schaechter\/2013\/01\/domestic-just-for-the-sake-of-it-the-evolution-of-a-fungus-with-good-taste.html\"><span style=\"color: #ff0000\">ASM Small Things Considered blog<\/span><\/a><\/strong><\/span>&nbsp; &nbsp;<span style=\"color: #ff0000\"><strong><a href=\"http:\/\/www.sciencedaily.com\/releases\/2012\/07\/120712131527.htm\"><span style=\"color: #ff0000\">Science Daily article<\/span><\/a><\/strong><\/span><\/p>\n<p style=\"padding-left: 30px\"><strong><span style=\"color: #0000ff\">(8)<\/span> <\/strong>Mart\u00ednez-Barnetche, J., R. E. G\u00f3mez-Barreto, M. Ovilla-Mu\u00f1oz, J. T\u00e9llez-Sosa, D. E. Garc\u00eda L\u00f3pez, R. R. Dinglasan, C. Ubaida-Mohien, R. M. MacCallum, S. N. Redmond, <strong>J. G.&nbsp;Gibbons<\/strong>, A.Rokas, C. A. Machado, F. Cazares-Raga, L. Gonz\u00e1lez-Cer\u00f3n, S. Hern\u00e1ndez-Mart\u00ednez, and M. H. Rodr\u00edguez L\u00f3pez (2012). Transcriptome of the adult female malaria mosquito vector <em>Anopheles albimanus<\/em>. <strong><em>BMC Genomics<\/em><\/strong>. 13:207.&nbsp;<span style=\"color: #ff0000\"><strong><a style=\"color: #ff0000\" href=\"https:\/\/wordpress.clarku.edu\/wp-content\/uploads\/sites\/297\/2014\/07\/2012_Martinez_etal_BMCGenomics.pdf\">PDF<\/a><\/strong><\/span><\/p>\n<p style=\"padding-left: 30px\"><span style=\"color: #0000ff\"><strong>(7)<\/strong><\/span> Klaassen,C. H. W.*, <strong>J. G. Gibbons<\/strong>*, N. D. Fedorova, J. F. Meis, and A. Rokas (2012). Evidence for genetic differentiation and variable recombination rates among Dutch populations of the opportunistic human pathogen <em>Aspergillus fumigatus<\/em>. <strong><em>Molecular Ecology<\/em><\/strong>. 21: 57-70. (*Equal contributors)&nbsp;<span style=\"color: #ff0000\"><strong><a style=\"color: #ff0000\" href=\"https:\/\/wordpress.clarku.edu\/wp-content\/uploads\/sites\/297\/2014\/07\/2012_Klaassen_etal_ME.pdf\">PDF<\/a><\/strong><\/span><\/p>\n<p style=\"padding-left: 30px\"><strong><span style=\"color: #0000ff\">(6)<\/span> Gibbons, J. G.<\/strong>, A. Beauvais, R. Beau, K. L. McGary, J.-P. Latge, and A. Rokas (2012). Global transcriptome changes underlying colony growth in the opportunistic human pathogen <em>Aspergillus<\/em> <em>fumigatus<\/em>. <strong><em>Eukaryotic Cell<\/em><\/strong>. 11: 68-78.&nbsp;<span style=\"color: #ff0000\"><strong><a style=\"color: #ff0000\" href=\"https:\/\/wordpress.clarku.edu\/wp-content\/uploads\/sites\/297\/2014\/07\/2012_Gibbons_etal_EC.pdf\">PDF<\/a><\/strong><\/span><\/p>\n<p style=\"padding-left: 30px\"><a href=\"https:\/\/wordpress.clarku.edu\/wp-content\/uploads\/sites\/297\/2014\/07\/EC_cover.gif\"><img loading=\"lazy\" decoding=\"async\" class=\"size-full wp-image-134 aligncenter\" src=\"https:\/\/wordpress.clarku.edu\/wp-content\/uploads\/sites\/297\/2014\/07\/EC_cover.gif\" alt=\"EC_cover\" width=\"95\" height=\"126\"><\/a><\/p>\n<hr>\n<p style=\"text-align: center\"><span style=\"text-align: center\">&nbsp;<\/span><strong style=\"text-align: center\">2011<\/strong><\/p>\n<hr>\n<p style=\"padding-left: 30px\"><span style=\"color: #0000ff\"><strong>(5)<\/strong><\/span> Kent, B. N., L. Salichos, <strong>J. G. Gibbons<\/strong>, A. Rokas, I. L. G. Newton, M. E. Clark, and S. R. Bordenstein (2011). Complete bacteriophage transfer in a bacterial endosymbiont (<em>Wolbachia<\/em>) determined by targeted genome capture. <strong><em>Genome Biology and Evolution<\/em><\/strong>. 3: 209-218.&nbsp;<span style=\"color: #ff0000\"><strong><a style=\"color: #ff0000\" href=\"https:\/\/wordpress.clarku.edu\/wp-content\/uploads\/sites\/297\/2014\/07\/2011_Kent_etal_GBE.pdf\">PDF<\/a><\/strong><\/span><\/p>\n<hr>\n<p style=\"text-align: center\"><strong style=\"text-align: center\">2010<\/strong><\/p>\n<hr>\n<p style=\"padding-left: 30px\"><span style=\"color: #0000ff\"><strong>(4)<\/strong><\/span> An J.H., 102 additional co-authors including <strong>J.G. Gibbons<\/strong> (2010) Permanent Genetic Resources added to Molecular Ecology Resources Database 1 October 2009-30 November 2009. <strong><em>Molecular Ecology Resources<\/em><\/strong>. 10, 404-408.&nbsp;<span style=\"color: #ff0000\"><a style=\"color: #ff0000\" href=\"https:\/\/wordpress.clarku.edu\/wp-content\/uploads\/sites\/297\/2014\/07\/2010_Gibbons_etal_MER_A.pdf\"><span style=\"color: #ff0000\"><strong>PDF<\/strong> <\/span>(summary article)<\/a>&nbsp;<strong><a style=\"color: #ff0000\" href=\"https:\/\/wordpress.clarku.edu\/wp-content\/uploads\/sites\/297\/2014\/07\/2010_Gibbons_etal_MER_B.pdf\">PDF<\/a><\/strong><a style=\"color: #ff0000\" href=\"https:\/\/wordpress.clarku.edu\/wp-content\/uploads\/sites\/297\/2014\/07\/2010_Gibbons_etal_MER_B.pdf\"> (full article)<\/a><\/span><\/p>\n<hr>\n<p style=\"text-align: center\"><strong style=\"text-align: center\">2009<\/strong><\/p>\n<hr>\n<p style=\"padding-left: 30px\"><strong><span style=\"color: #0000ff\">(3)<\/span> Gibbons, J. G.<\/strong>, E. Janson, C. T. Hittinger, M. Johnston, P. Abbot and A. Rokas (2009). Benchmarking next-generation transcriptome sequencing for functional and evolutionary genomics. <strong><em>Molecular Biology and Evolution<\/em><\/strong>. 26: 2731-2744.&nbsp;<span style=\"color: #ff0000\"><strong><a style=\"color: #ff0000\" href=\"https:\/\/wordpress.clarku.edu\/wp-content\/uploads\/sites\/297\/2014\/07\/2009_Gibbons_etal_MBE.pdf\">PDF<\/a><\/strong><\/span><\/p>\n<p style=\"padding-left: 30px\"><strong><span style=\"color: #0000ff\">(2)<\/span> Gibbons, J. G.<\/strong> and A. Rokas (2009). Comparative and functional characterization of intragenic tandem repeats in ten <em>Aspergillus<\/em> genomes. <strong><em>Molecular Biology and Evolution<\/em><\/strong>. 26: 591-602.&nbsp;<span style=\"color: #ff0000\"><strong><a style=\"color: #ff0000\" href=\"https:\/\/wordpress.clarku.edu\/wp-content\/uploads\/sites\/297\/2014\/07\/2009_Gibbons_Rokas_MBE.pdf\">PDF<\/a><\/strong><\/span><\/p>\n<hr>\n<p style=\"text-align: center\"><strong style=\"text-align: center\">2007<\/strong><\/p>\n<hr>\n<p style=\"text-align: left;padding-left: 30px\"><span style=\"color: #0000ff\"><strong>(1)&nbsp;<\/strong><\/span>Saxena, R., 65 additional co-authors including <strong>J.G. Gibbons<\/strong> (2007). Genome-wide association analysis identifies loci for type 2 diabetes and triglyceride levels. <strong><em>Science<\/em><\/strong> 316:1331-1336.&nbsp;<span style=\"color: #ff0000\"><strong><a style=\"color: #ff0000\" href=\"https:\/\/wordpress.clarku.edu\/wp-content\/uploads\/sites\/297\/2014\/07\/2007_Saxena_etal_Science.pdf\">PDF<\/a><\/strong><\/span><\/p>\n","protected":false},"excerpt":{"rendered":"<p>Google Scholar PubMed &nbsp; 2018 (24) Zhao, S., and&nbsp;J.G. Gibbons.&nbsp;A population genomic characterization of copy number variation in the opportunistic fungal pathogen Aspergillus fumigatus. PLoS One (in press)&nbsp; 2017 (23) [&hellip;]<\/p>\n","protected":false},"author":421,"featured_media":0,"parent":0,"menu_order":0,"comment_status":"closed","ping_status":"closed","template":"","meta":{"ngg_post_thumbnail":0,"footnotes":""},"class_list":["post-70","page","type-page","status-publish","hentry"],"_links":{"self":[{"href":"https:\/\/wordpress.clarku.edu\/jgibbons\/wp-json\/wp\/v2\/pages\/70","targetHints":{"allow":["GET"]}}],"collection":[{"href":"https:\/\/wordpress.clarku.edu\/jgibbons\/wp-json\/wp\/v2\/pages"}],"about":[{"href":"https:\/\/wordpress.clarku.edu\/jgibbons\/wp-json\/wp\/v2\/types\/page"}],"author":[{"embeddable":true,"href":"https:\/\/wordpress.clarku.edu\/jgibbons\/wp-json\/wp\/v2\/users\/421"}],"replies":[{"embeddable":true,"href":"https:\/\/wordpress.clarku.edu\/jgibbons\/wp-json\/wp\/v2\/comments?post=70"}],"version-history":[{"count":0,"href":"https:\/\/wordpress.clarku.edu\/jgibbons\/wp-json\/wp\/v2\/pages\/70\/revisions"}],"wp:attachment":[{"href":"https:\/\/wordpress.clarku.edu\/jgibbons\/wp-json\/wp\/v2\/media?parent=70"}],"curies":[{"name":"wp","href":"https:\/\/api.w.org\/{rel}","templated":true}]}}