{"id":136,"date":"2016-06-07T17:18:16","date_gmt":"2016-06-07T17:18:16","guid":{"rendered":"https:\/\/wordpress.clarku.edu\/extractiveindustries\/?page_id=136"},"modified":"2017-04-05T13:52:43","modified_gmt":"2017-04-05T13:52:43","slug":"student-research","status":"publish","type":"page","link":"https:\/\/wordpress.clarku.edu\/extractiveindustries\/student-research\/","title":{"rendered":"Student Research"},"content":{"rendered":"<p><a href=\"https:\/\/wordpress.clarku.edu\/wp-content\/uploads\/sites\/393\/2016\/06\/GYarleque_photo-e1491353784553.jpg\"><img loading=\"lazy\" decoding=\"async\" class=\"size-full wp-image-166 alignleft\" src=\"https:\/\/wordpress.clarku.edu\/wp-content\/uploads\/sites\/393\/2016\/06\/GYarleque_photo-e1491353784553.jpg\" alt=\"\" width=\"160\" height=\"160\"><\/a>&nbsp;<b>Josu\u00e9 Gabriel Yarlequ\u00e9 Ipanaqu\u00e9<\/b><br \/>\nGIS Analyst for&nbsp;TELEMATICA S.A, Esri\u2019s International Distributor in Lima, Peru<\/p>\n<p><a href=\"https:\/\/wordpress.clarku.edu\/wp-content\/uploads\/sites\/393\/2016\/06\/thesis_prezi_final_copy.pdf\" target=\"_blank\">Gold Mining and Land Cover Change in Madre de&nbsp;Dios, Peru: A Remote Sensing Study Using Landsat-5&nbsp;Thematic Mapper Data<\/a>&nbsp;<a href=\"https:\/\/wordpress.clarku.edu\/wp-content\/uploads\/sites\/393\/2016\/06\/JYarlequeIpanaque_Honors_Thesis.pdf\" target=\"_blank\">[PDF]<\/a><br \/>\nAs a GIS Analyst I work with the Project Development and Support Team. I help public and private institutions maximize the use of the ArcGIS Platform (Desktop, Server, Online and Pro), as well as other ESRI products and services.I also provide smart solutions to optimize their projects and decision making processes in areas such as urban planning, conservation and resources management, social programs, transportation, emergency management, etc. As a certified ArcGIS for Desktop instructor I lead hands-on training sessions and technical workshops on the uses and applications of ArcGIS for different institutions in Peru.<\/p>\n<p>&nbsp;<\/p>\n<p><a href=\"https:\/\/wordpress.clarku.edu\/wp-content\/uploads\/sites\/393\/2016\/05\/KimPicture2-e1491399992823.jpg\"><img loading=\"lazy\" decoding=\"async\" class=\"wp-image-189 size-full alignleft\" src=\"https:\/\/wordpress.clarku.edu\/wp-content\/uploads\/sites\/393\/2016\/05\/KimPicture2-e1491399992823.jpg\" alt=\"\" width=\"160\" height=\"186\"><\/a><\/p>\n<div><strong>Kimberly Johnson<\/strong><br \/>\nM.S. GIS<\/div>\n<div>B.A. Geography, Clark University<br \/>\n<a href=\"https:\/\/www2.clarku.edu\/departments\/geography\/\" target=\"_blank\">Graduate School of Geography<\/a><\/div>\n<div>&nbsp;<\/div>\n<div><a href=\"https:\/\/wordpress.clarku.edu\/wp-content\/uploads\/sites\/393\/2016\/06\/kijohnson_AAGPoster.pdf\" target=\"_blank\">Characterizing the Impacts of Coal Mining on Forest and Protected Areas in Sumatra, Indonesia (2000-2014)<\/a><\/div>\n<div>&nbsp;<\/div>\n<div>&nbsp;<\/div>\n<div>&nbsp;<\/div>\n<div>&nbsp;<\/div>\n<p><img loading=\"lazy\" decoding=\"async\" class=\"wp-image-195 size-full alignleft\" src=\"https:\/\/wordpress.clarku.edu\/wp-content\/uploads\/sites\/393\/2016\/06\/IMG_1843-e1491352438519.jpg\" alt=\"\" width=\"160\" height=\"179\"><strong>Saira Khan<\/strong><br \/>\nB.A. Geography&nbsp;<br \/>\nB.A. International Development &amp; Social Change (2017)<br \/>\nM.S. GIS (expected 2018)<br \/>\n<a href=\"https:\/\/www2.clarku.edu\/departments\/geography\/\" target=\"_blank\">Graduate School of Geography<\/a><\/p>\n<p><a href=\"https:\/\/wordpress.clarku.edu\/wp-content\/uploads\/sites\/393\/2016\/06\/San-Andre\u0301s-AAG-Poster.pdf\" target=\"_blank\">Mapping Overlap Between Extractive Industries, Agriculture, and Indigenous Communities: A Case Study of the San Andr\u00e9s Mine in Cop\u00e1n, Honduras<\/a><\/p>\n<p>&nbsp;<\/p>\n<p><img loading=\"lazy\" decoding=\"async\" class=\"wp-image-194 size-full alignleft\" src=\"https:\/\/wordpress.clarku.edu\/wp-content\/uploads\/sites\/393\/2016\/06\/DSC09180-1-e1491352294654.jpg\" alt=\"\" width=\"160\" height=\"210\"><strong>Maria Luisa Escobar Pardo<\/strong><br \/>\nB.A. Geography<br \/>\n<a href=\"https:\/\/www2.clarku.edu\/departments\/geography\/\" target=\"_blank\">Graduate School of Geography<\/a><br \/>\nClark University<br \/>\nWorcester, MA 01610<\/p>\n<p>&nbsp;<\/p>\n<p>&nbsp;<\/p>\n<p>&nbsp;<\/p>\n<p>&nbsp;<br \/>\n<strong><a href=\"https:\/\/wordpress.clarku.edu\/wp-content\/uploads\/sites\/393\/2016\/06\/KPatel-e1466112998104.jpg\"><img loading=\"lazy\" decoding=\"async\" class=\"size-full wp-image-137 alignleft\" src=\"https:\/\/wordpress.clarku.edu\/wp-content\/uploads\/sites\/393\/2016\/06\/KPatel-e1466112998104.jpg\" alt=\"KPatel\" width=\"160\" height=\"167\"><\/a>Kayla Patel<\/strong><\/p>\n<p><a href=\"http:\/\/www.sciencedirect.com\/science\/article\/pii\/S2214790X16300065\">Evaluating conflict surrounding mineral extraction in Ghana: Assessing the spatial interactions of large and small-scale mining<\/a><\/p>\n<p>&nbsp;<\/p>\n<p>&nbsp;<\/p>\n<p>&nbsp;<br \/>\n<strong><a href=\"https:\/\/wordpress.clarku.edu\/wp-content\/uploads\/sites\/393\/2016\/06\/zr-e1466113063299.jpg\"><img loading=\"lazy\" decoding=\"async\" class=\"size-full wp-image-144 alignleft\" src=\"https:\/\/wordpress.clarku.edu\/wp-content\/uploads\/sites\/393\/2016\/06\/zr-e1466113063299.jpg\" alt=\"zr\" width=\"160\" height=\"145\"><\/a>Zoe Ritter&nbsp;<\/strong><br \/>\nGIS Analyst for the New York City Department of Environmental Protection<\/p>\n<p><a href=\"https:\/\/wordpress.clarku.edu\/wp-content\/uploads\/sites\/393\/2016\/06\/ZR_defense2015.pptx\" target=\"_blank\">Spatial variations among factors influencing mineral extraction-related conflict in Peru: an analysis using geographically weighted regression<\/a><\/p>\n","protected":false},"excerpt":{"rendered":"<p>&nbsp;Josu\u00e9 Gabriel Yarlequ\u00e9 Ipanaqu\u00e9 GIS Analyst for&nbsp;TELEMATICA S.A, Esri\u2019s International Distributor in Lima, Peru Gold Mining and Land Cover Change in Madre de&nbsp;Dios, Peru: A Remote Sensing Study Using Landsat-5&nbsp;Thematic Mapper Data&nbsp;[PDF] As a GIS Analyst I work with the &hellip; <a href=\"https:\/\/wordpress.clarku.edu\/extractiveindustries\/student-research\/\">Continue reading <span class=\"meta-nav\">&rarr;<\/span><\/a><\/p>\n","protected":false},"author":653,"featured_media":0,"parent":0,"menu_order":0,"comment_status":"closed","ping_status":"closed","template":"","meta":{"ngg_post_thumbnail":0,"footnotes":""},"class_list":["post-136","page","type-page","status-publish","hentry"],"_links":{"self":[{"href":"https:\/\/wordpress.clarku.edu\/extractiveindustries\/wp-json\/wp\/v2\/pages\/136","targetHints":{"allow":["GET"]}}],"collection":[{"href":"https:\/\/wordpress.clarku.edu\/extractiveindustries\/wp-json\/wp\/v2\/pages"}],"about":[{"href":"https:\/\/wordpress.clarku.edu\/extractiveindustries\/wp-json\/wp\/v2\/types\/page"}],"author":[{"embeddable":true,"href":"https:\/\/wordpress.clarku.edu\/extractiveindustries\/wp-json\/wp\/v2\/users\/653"}],"replies":[{"embeddable":true,"href":"https:\/\/wordpress.clarku.edu\/extractiveindustries\/wp-json\/wp\/v2\/comments?post=136"}],"version-history":[{"count":0,"href":"https:\/\/wordpress.clarku.edu\/extractiveindustries\/wp-json\/wp\/v2\/pages\/136\/revisions"}],"wp:attachment":[{"href":"https:\/\/wordpress.clarku.edu\/extractiveindustries\/wp-json\/wp\/v2\/media?parent=136"}],"curies":[{"name":"wp","href":"https:\/\/api.w.org\/{rel}","templated":true}]}}