{"id":46,"date":"2010-09-29T14:31:39","date_gmt":"2010-09-29T18:31:39","guid":{"rendered":"https:\/\/wordpress.clarku.edu\/cwilliams\/"},"modified":"2025-09-09T13:34:00","modified_gmt":"2025-09-09T17:34:00","slug":"people","status":"publish","type":"page","link":"https:\/\/wordpress.clarku.edu\/cwilliams\/people\/","title":{"rendered":"People"},"content":{"rendered":"<p style=\"text-align: left\"><strong>Current:<\/strong> <a href=\"#williams\">Christopher Williams<\/a> &nbsp;| <a href=\"#hasler\">Natalia Hasler<\/a> | <a href=\"#sshrestha\">Surendra Shrestha<\/a><\/p>\n<p style=\"text-align: left\"><strong>Former:<\/strong> <a href=\"#former\">Listed Below<\/a><\/p>\n<hr>\n<table border=\"0\">\n<tbody>\n<tr>\n<td align=\"center\" valign=\"top\">\n<div style=\"vertical-align: top\">\n<h3><a name=\"williams\"><\/a><strong>Chris Williams<\/strong><\/h3>\n<p><img loading=\"lazy\" decoding=\"async\" class=\"alignnone size-full wp-image-329\" src=\"https:\/\/wordpress.clarku.edu\/wp-content\/uploads\/sites\/22\/2010\/09\/Williams_150.jpg\" alt=\"\" width=\"137\" height=\"147\"><br \/>\n508.793.7323<br \/>\nCWilliams [at] clarku.edu<\/p>\n<\/div>\n<\/td>\n<td valign=\"top\">\n<div style=\"vertical-align: top\">\n<p>B.A., Biology\/Environmental Studies, Bucknell University (1996)<br \/>\nM.S., Watershed Science, Colorado State University (2000)<br \/>\nPh.D., Environmental Science, Duke University (2004)<\/p>\n<p>Dr. Williams is a professor of earth system science within Clark\u2019s School of Geography and recently stepped down as director of the environmental sciences program at Clark.  His expertise is in terrestrial ecosystems, global environmental change, and climate change.   He and his team engage in foundational research science on the climate impacts of forests.  By combining state-of-the-art satellite remote sensing with big data geo-computation, the lab is quantifying the carbon emissions avoided by protecting forests, the removals of carbon with forest growth, and also the important climate impacts of changing surface reflectivity (albedo) that happens with changes in tree cover.  Their work is informing decision makers about where we get the greatest climate benefit from retaining and expanding tree cover, worldwide.  The team is delivering action-ready datasets to land managers and policymakers working around the world, including The Nature Conservancy, the Open Space Institute, The Trust for Public Lands, and states participating in the U.S. Climate Alliance.  At Clark, in addition to teaching and mentoring students at all levels, he has served as vice chair of the faculty, chair of the graduate board, co-chair of the provost search, among other roles.  Externally, he has served as co-chair of the science leadership group of the North American Carbon Program, science co-investigator of the Harvard Forest National Science Foundation Long Term Ecological Research program, science team member of NASA\u2019s Carbon Monitoring System, and most recently is serving on the science advisory board of the European Commissions Integrated Carbon Observation System (ICOS). <\/p>\n<p>More about Chris <a href=\"https:\/\/www.clarku.edu\/faculty\/profiles\/christopher-williams\/\">here<\/a><\/p>\n<p><a href=\"https:\/\/wordpress.clarku.edu\/cwilliams\/wp-content\/uploads\/sites\/22\/2025\/09\/WilliamsCA_CV.pdf\" target=\"_blank_\" rel=\"noopener noreferrer\">Detailed CV<\/a><\/p>\n<p><a href=\"http:\/\/scholar.google.com\/citations?user=RUl28ZsAAAAJ\" target=\"_blank_\" rel=\"noopener noreferrer\">Google Scholar Page<\/a><\/p>\n<\/div>\n<\/td>\n<\/tr>\n<tr>\n<td align=\"center\" valign=\"top\">\n<div style=\"vertical-align: top\">\n<h3><a name=\"hasler\"><\/a><strong>Natalia Hasler<\/strong><\/h3>\n<p style=\"text-align: center\"><img loading=\"lazy\" decoding=\"async\" class=\"alignnone size-thumbnail wp-image-311\" src=\"https:\/\/wordpress.clarku.edu\/wp-content\/uploads\/sites\/22\/2010\/09\/Hasler_150x150-150x150.jpg\" alt=\"\" width=\"150\" height=\"150\" srcset=\"https:\/\/wordpress.clarku.edu\/cwilliams\/wp-content\/uploads\/sites\/22\/2010\/09\/Hasler_150x150-150x150.jpg 150w, https:\/\/wordpress.clarku.edu\/cwilliams\/wp-content\/uploads\/sites\/22\/2010\/09\/Hasler_150x150.jpg 153w\" sizes=\"auto, (max-width: 150px) 100vw, 150px\" \/><br \/>\n508.421.2585<br \/>\nNHasler [at] clarku.com<\/p>\n<\/div>\n<\/td>\n<td valign=\"top\">\n<div style=\"vertical-align: top\">\n<p>B. Eng, M.S., Environmental Engineering, \u00c9cole Polytechnique F\u00e9d\u00e9rale de Lausanne (1995)<br \/>\nPh.D., Atmospheric Sciences, \u00c9cole Polytechnique F\u00e9d\u00e9rale de Lausanne (2002)<\/p>\n<p>Dr. Hasler leads the group&#8217;s geospatial modeling and analysis work.  She is mapping and monitoring forest carbon stocks and deforestation, and assessing associated changes in albedo and combining these factors to assess the net impact on the global climate system.  Her dissertation work centered on land-atmosphere interactions, with detailed focus on a) precipitation response to land cover changes such as deforestation and conversion to agriculture, and b) determining controls on terrestrial water and carbon dioxide exchanges with the atmosphere. She employs a variety of methods including synthesis of flux-tower observations, regional climate simulation (RAMS), and general circulation modeling. <\/p>\n<\/div>\n<\/td>\n<\/tr>\n<tr>\n<td align=\"center\" valign=\"top\">\n<div style=\"vertical-align: top\">\n<h3><a name=\"sshrestha\"><\/a><strong>Surendra Shrestha<\/strong><\/h3>\n<p style=\"text-align: center\"><img loading=\"lazy\" decoding=\"async\" src=\"https:\/\/wordpress.clarku.edu\/wp-content\/uploads\/sites\/22\/2018\/06\/Surendra_cropped_zoomed.jpg\" alt=\"\" width=\"150\" height=\"150\"><br \/>\nSShrestha [at] clarku.edu<\/p>\n<\/div>\n<\/td>\n<td valign=\"top\">\n<div style=\"vertical-align: top\">\n<p>B.S. Forestry, Institute of Forestry, Tribhuvan University, Nepal (2009)<br \/>\nM.S. Forest Resources, University of Georgia (2016)<br \/>\nPh.D. Geography, Clark University (2024)<\/p>\n<p>Surendra Shrestha is interested in impacts of land use and climate change on hydrology, land-atmosphere interactions. His Master\u2019s research examined hydrological impacts of land use and land cover changes in Georgia, as well as land use changes related to increasing demand for wood pellets in the US South. During Bachelor studies in Nepal, Surendra performed thesis research assessing the status of forest condition and plant diversity in a a community forest of Puranchaur VDC of the Kaski District.<\/p>\n<\/div>\n<\/td>\n<\/tr>\n<tr>\n<td align=\"center\" valign=\"top\">\n<div style=\"vertical-align: top\">\n<h3><a name=\"former\"><\/a><strong>Former Members<\/strong><\/h3>\n<\/div>\n<\/td>\n<td valign=\"top\">\n<div style=\"vertical-align: top\">\n<p><strong>Post-doctoral Research Scientists<\/strong><br \/>\nDr. Varun Tiwari (2025-present)<br \/>\nDr. Huan Gu (2015-2018)<br \/>\nDr. Myroslava Khomik (2012-2013)<br \/>\nDr. Bardan Ghimire (2012)<br \/>\nDr. Christopher Schwalm (2008-2011)<\/p>\n<p><strong>PhD Students (as Chair)<\/strong><br \/>\nSurendra Shrestha (Ph.D. Geography &#8217;23)<br \/>\nYu Zhou (PhD Geography &#8217;21)<br \/>\nLi Xi (PhD Geography pursued)<br \/>\nTong Jiao (PhD Geography &#8217;20)<br \/>\nRichard MacLean (PhD Geography pursued)<br \/>\nMelanie Vanderhoof (PhD Geography &#8217;14)<br \/>\nBardan Ghimire (PhD Geography &#8217;12)<\/p>\n<p><strong>MS Students<\/strong><br \/>\nSavannah Cooley (MS GISci &#8217;17)<br \/>\nAlexander Kappel (MS GISci &#8217;14)<br \/>\nMarcus Pasay (MS ES&amp;P &#8217;13)<br \/>\nGraham Twibell (MS ES&amp;P &#8217;11)<\/p>\n<p><strong>BA Students<\/strong><br \/>\nSamuel Cooper (B.A. Environmental Science, 2024)<br \/>\nLeo Brauny (B.A. Geography, 2023)<br \/>\nApple Gould-Schultz (B.A. Environmental Science, 2023)<br \/>\nAbby Beilman (BA ES &#8217;23, Mass EEA Internship Advisor)<br \/>\nCate Brown (BA ES ESS &amp; Poli Sci &#8217;22, Summer Weiller Fellow)<br \/>\nAshna Siddhi (BA Econ &amp; ES ECB &#8217;22, Summer Weiller Fellow)<br \/>\nCaroline Williams (BA ES &#8217;20, Thesis Advisor)<br \/>\nTyler Anderson (BA ES &#8217;18, NOAA Fellowship Advisor &#8217;17)<br \/>\nSpring Pillsbury (BA ES &#8217;17, Honors Mentor &amp; Committee &#8217;17)<br \/>\nSaira Khan (BA Geog &#8217;16, NOAA Fellowship Advisor &#8217;15)<br \/>\nCorey Dickinson (BA Geog &#8217;15, Geller Fellowship Advisor &#8217;15)<br \/>\nMelat Seyoum (BA minor Geog &#8217;15, Internship Advisor &#8217;15)<br \/>\nEvan Marshall (BA Geog &#8217;14, Internship Advisor &#8217;14)<br \/>\nLucas Earl (BA Geog &#8217;14, NOAA Fellowship Advisor &#8217;13)<br \/>\nThorsen Akerely (BA ES &#8217;13; Summer Fellow &#8217;12)<br \/>\nAlexander Kappel (BA ES &#8217;13; NSF REU &#8217;12; ES Thesis Advisor)<br \/>\nMarcus Pasay (BA ES &#8217;12; NSF REU &#8217;11)<br \/>\nKrittika Govil (BA ES &#8217;11; Summer Fellow &#8217;10)<br \/>\nAngela Marshall (BA ES &#8217;11; Honors)<br \/>\nMichelle Smith (BA Geog &#8217;11; NSF REU &#8217;09)<br \/>\nGraham Twibell (BA ES &#8217;10; NSF REU &#8217;09)<\/p>\n<\/div>\n<\/td>\n<\/tr>\n<\/tbody>\n<\/table>\n","protected":false},"excerpt":{"rendered":"<p>Current: Christopher Williams &nbsp;| Natalia Hasler | Surendra Shrestha Former: Listed Below Chris Williams 508.793.7323 CWilliams [at] clarku.edu B.A., Biology\/Environmental Studies, Bucknell University (1996) M.S., Watershed Science, Colorado State University (2000) Ph.D., Environmental Science, Duke University (2004) Dr. Williams is &hellip; <a href=\"https:\/\/wordpress.clarku.edu\/cwilliams\/people\/\">Continue reading <span class=\"meta-nav\">&rarr;<\/span><\/a><\/p>\n","protected":false},"author":25,"featured_media":0,"parent":0,"menu_order":0,"comment_status":"closed","ping_status":"closed","template":"","meta":{"ngg_post_thumbnail":0,"footnotes":""},"class_list":["post-46","page","type-page","status-publish","hentry"],"_links":{"self":[{"href":"https:\/\/wordpress.clarku.edu\/cwilliams\/wp-json\/wp\/v2\/pages\/46","targetHints":{"allow":["GET"]}}],"collection":[{"href":"https:\/\/wordpress.clarku.edu\/cwilliams\/wp-json\/wp\/v2\/pages"}],"about":[{"href":"https:\/\/wordpress.clarku.edu\/cwilliams\/wp-json\/wp\/v2\/types\/page"}],"author":[{"embeddable":true,"href":"https:\/\/wordpress.clarku.edu\/cwilliams\/wp-json\/wp\/v2\/users\/25"}],"replies":[{"embeddable":true,"href":"https:\/\/wordpress.clarku.edu\/cwilliams\/wp-json\/wp\/v2\/comments?post=46"}],"version-history":[{"count":0,"href":"https:\/\/wordpress.clarku.edu\/cwilliams\/wp-json\/wp\/v2\/pages\/46\/revisions"}],"wp:attachment":[{"href":"https:\/\/wordpress.clarku.edu\/cwilliams\/wp-json\/wp\/v2\/media?parent=46"}],"curies":[{"name":"wp","href":"https:\/\/api.w.org\/{rel}","templated":true}]}}