{"id":728,"date":"2025-06-02T18:22:43","date_gmt":"2025-06-02T18:22:43","guid":{"rendered":"https:\/\/wordpress.clarku.edu\/arth223leir2025\/?page_id=728"},"modified":"2025-06-02T18:22:43","modified_gmt":"2025-06-02T18:22:43","slug":"high-impact-of-faculty-led-study-abroad","status":"publish","type":"page","link":"https:\/\/wordpress.clarku.edu\/arth223leir2025\/spain\/saturday-may-31-2025\/high-impact-of-faculty-led-study-abroad\/","title":{"rendered":"High Impact of Faculty Led Study Abroad"},"content":{"rendered":"<p>Guest Blogger- Sarah Lopolito<\/p>\n<p>For all of my professional life, I have been involved in education in one way or another. I began my career as an elementary school teacher. In this role, I discovered the importance of establishing rapport with students to create a positive learning environment. I applied Howard Gardner\u2019s Multiple Intelligences Theory by presenting material in a variety of ways\u2014such as creating the \u201cNumber Rhumba\u201d to teach comma placement in large numbers: \u201cone, two, three, COMMA!\u201d (punctuated with a hip check). I also witnessed the power of experiential learning as defined by David Kolb.<\/p>\n<p>Eventually, I transitioned to teaching English as a Second Language in higher education and later moved into international education administration. However, throughout all of my roles, I have held on to the tenet that bringing together people with different beliefs to exchange ideas and experience other cultures firsthand has the power to address many of today\u2019s challenges.<\/p>\n<p>My time with Dr. Naomi Pitamber, Wen Ting Ooi, and the Clark students as they traveled through and engaged with the cultural heritage of Spain was profoundly moving. It was inspiring to see my values in education and cultural exchange come to life in such a meaningful way.<\/p>\n<p>While in Spain, the students on Clark University\u2019s Leir May Term 2025 journeyed through Madrid, Toledo, Sevilla, C\u00f3rdoba, C\u00e1diz, Granada, M\u00e1laga, Gibraltar, and Ceuta. And \u201ctrekked\u201d is the right word here\u2014up and down mountains, across cobbled and river-stoned streets, and through narrow alleys. My highest step count was 19,875! Throughout the trip, students took turns presenting at historical sites, offering facts, insights, and reflections on architectural and cultural heritage.<\/p>\n<p>Having students assume the role of instructor is a High-Impact Practice in education. Becoming an expert and communicating newly acquired knowledge to peers benefits the presenter in myriad ways: it boosts understanding and retention, enhances critical thinking by requiring the distillation of complex information, and improves communication skills. I observed this growth firsthand, noting how students\u2019 presentations became more organized and confident over time. They learned to pause for passersby without losing their flow and adapted their material based on cues from their classmates\u2019 presentations.<\/p>\n<p>Beyond its pedagogical value, research shows that faculty-led study abroad programs offer personal benefits to participants\u2014and I witnessed this as well. In today\u2019s fast-paced world, it\u2019s rare to see university students take time to play, despite its well-documented benefits. As an administrator overseeing the Leir May Term program, it was deeply meaningful to watch students find joy: playing on a playground, exploring tide pools, pretending to be mermaids, and breaking into spontaneous song. While travel inevitably brings moments of stress, these joyful experiences reaffirmed my belief in the importance of taking learning beyond the classroom and into the world.<\/p>\n","protected":false},"excerpt":{"rendered":"<p>Guest Blogger- Sarah Lopolito For all of my professional life, I have been involved in education in one way or another. I began my career as an elementary school teacher. In this role, I discovered the importance of establishing rapport with students to create a positive learning environment. I applied &#8230; <a class=\"continue-reading-link\" href=\"https:\/\/wordpress.clarku.edu\/arth223leir2025\/spain\/saturday-may-31-2025\/high-impact-of-faculty-led-study-abroad\/\"> Continue reading<\/a><\/p>\n","protected":false},"author":2216,"featured_media":0,"parent":121,"menu_order":0,"comment_status":"closed","ping_status":"closed","template":"","meta":{"ngg_post_thumbnail":0,"footnotes":""},"class_list":["post-728","page","type-page","status-publish","hentry"],"_links":{"self":[{"href":"https:\/\/wordpress.clarku.edu\/arth223leir2025\/wp-json\/wp\/v2\/pages\/728","targetHints":{"allow":["GET"]}}],"collection":[{"href":"https:\/\/wordpress.clarku.edu\/arth223leir2025\/wp-json\/wp\/v2\/pages"}],"about":[{"href":"https:\/\/wordpress.clarku.edu\/arth223leir2025\/wp-json\/wp\/v2\/types\/page"}],"author":[{"embeddable":true,"href":"https:\/\/wordpress.clarku.edu\/arth223leir2025\/wp-json\/wp\/v2\/users\/2216"}],"replies":[{"embeddable":true,"href":"https:\/\/wordpress.clarku.edu\/arth223leir2025\/wp-json\/wp\/v2\/comments?post=728"}],"version-history":[{"count":0,"href":"https:\/\/wordpress.clarku.edu\/arth223leir2025\/wp-json\/wp\/v2\/pages\/728\/revisions"}],"up":[{"embeddable":true,"href":"https:\/\/wordpress.clarku.edu\/arth223leir2025\/wp-json\/wp\/v2\/pages\/121"}],"wp:attachment":[{"href":"https:\/\/wordpress.clarku.edu\/arth223leir2025\/wp-json\/wp\/v2\/media?parent=728"}],"curies":[{"name":"wp","href":"https:\/\/api.w.org\/{rel}","templated":true}]}}