{"id":208,"date":"2025-05-16T12:43:18","date_gmt":"2025-05-16T12:43:18","guid":{"rendered":"https:\/\/wordpress.clarku.edu\/arth223leir2025\/?page_id=208"},"modified":"2025-05-21T22:19:43","modified_gmt":"2025-05-21T22:19:43","slug":"leir-2025-in-the-mediterranean","status":"publish","type":"page","link":"https:\/\/wordpress.clarku.edu\/arth223leir2025\/","title":{"rendered":"Leir 2025 in the Mediterranean"},"content":{"rendered":"<h4 style=\"text-align: center\">Thank you for joining us on our Leir 2025 Summer Study Abroad Program to the Mediterranean!<\/h4>\n<p><img loading=\"lazy\" decoding=\"async\" class=\"alignnone size-full wp-image-219\" src=\"https:\/\/wordpress.clarku.edu\/arth223leir2025\/wp-content\/uploads\/sites\/918\/2025\/05\/Dawn_Charles_V_Palace_Alhambra_Granada_Andalusia_Spain-copy-1.jpeg\" alt=\"\" width=\"2160\" height=\"1437\" srcset=\"https:\/\/wordpress.clarku.edu\/arth223leir2025\/wp-content\/uploads\/sites\/918\/2025\/05\/Dawn_Charles_V_Palace_Alhambra_Granada_Andalusia_Spain-copy-1.jpeg 2160w, https:\/\/wordpress.clarku.edu\/arth223leir2025\/wp-content\/uploads\/sites\/918\/2025\/05\/Dawn_Charles_V_Palace_Alhambra_Granada_Andalusia_Spain-copy-1-300x200.jpeg 300w, https:\/\/wordpress.clarku.edu\/arth223leir2025\/wp-content\/uploads\/sites\/918\/2025\/05\/Dawn_Charles_V_Palace_Alhambra_Granada_Andalusia_Spain-copy-1-1024x681.jpeg 1024w, https:\/\/wordpress.clarku.edu\/arth223leir2025\/wp-content\/uploads\/sites\/918\/2025\/05\/Dawn_Charles_V_Palace_Alhambra_Granada_Andalusia_Spain-copy-1-768x511.jpeg 768w, https:\/\/wordpress.clarku.edu\/arth223leir2025\/wp-content\/uploads\/sites\/918\/2025\/05\/Dawn_Charles_V_Palace_Alhambra_Granada_Andalusia_Spain-copy-1-1536x1022.jpeg 1536w, https:\/\/wordpress.clarku.edu\/arth223leir2025\/wp-content\/uploads\/sites\/918\/2025\/05\/Dawn_Charles_V_Palace_Alhambra_Granada_Andalusia_Spain-copy-1-2048x1362.jpeg 2048w, https:\/\/wordpress.clarku.edu\/arth223leir2025\/wp-content\/uploads\/sites\/918\/2025\/05\/Dawn_Charles_V_Palace_Alhambra_Granada_Andalusia_Spain-copy-1-526x350.jpeg 526w, https:\/\/wordpress.clarku.edu\/arth223leir2025\/wp-content\/uploads\/sites\/918\/2025\/05\/Dawn_Charles_V_Palace_Alhambra_Granada_Andalusia_Spain-copy-1-150x100.jpeg 150w\" sizes=\"auto, (max-width: 2160px) 100vw, 2160px\" \/><\/p>\n<h5 style=\"text-align: center\">This year we will be traveling to Spain and Turkey from May 19 &#8211; June 16.<\/h5>\n<p style=\"text-align: left\">We will visit many cities, monuments, historical and geographical sites as we study the course themes of the medieval Mediterranean region&#8217;s geography and topography, urban environments, and cultural heritage.<\/p>\n<p style=\"text-align: left\">For a link to a detailed course syllabus and our daily itinerary, click <a href=\"https:\/\/docs.google.com\/document\/d\/1hhihdPuDCfck3cPa8Ly8WIhReyk4ZRAx6T_YjT1vAdU\/edit?usp=sharing\">here!<\/a><\/p>\n<p><img loading=\"lazy\" decoding=\"async\" class=\"alignnone size-full wp-image-217\" src=\"https:\/\/wordpress.clarku.edu\/arth223leir2025\/wp-content\/uploads\/sites\/918\/2025\/05\/licensed-image-4.jpeg\" alt=\"\" width=\"1080\" height=\"624\" srcset=\"https:\/\/wordpress.clarku.edu\/arth223leir2025\/wp-content\/uploads\/sites\/918\/2025\/05\/licensed-image-4.jpeg 1080w, https:\/\/wordpress.clarku.edu\/arth223leir2025\/wp-content\/uploads\/sites\/918\/2025\/05\/licensed-image-4-300x173.jpeg 300w, https:\/\/wordpress.clarku.edu\/arth223leir2025\/wp-content\/uploads\/sites\/918\/2025\/05\/licensed-image-4-1024x592.jpeg 1024w, https:\/\/wordpress.clarku.edu\/arth223leir2025\/wp-content\/uploads\/sites\/918\/2025\/05\/licensed-image-4-768x444.jpeg 768w, https:\/\/wordpress.clarku.edu\/arth223leir2025\/wp-content\/uploads\/sites\/918\/2025\/05\/licensed-image-4-606x350.jpeg 606w, https:\/\/wordpress.clarku.edu\/arth223leir2025\/wp-content\/uploads\/sites\/918\/2025\/05\/licensed-image-4-150x87.jpeg 150w\" sizes=\"auto, (max-width: 1080px) 100vw, 1080px\" \/><\/p>\n<p style=\"text-align: left\">Students will be learning about art, archaeological, and architectural history through the lens of urban studies and cultural heritage. Walking tours, readings, faculty and student presentations will give us a rare focused opportunity to dive deeply into these cities&#8217; unique histories while engaging with them in the contemporary moment.&nbsp;<\/p>\n<p><img loading=\"lazy\" decoding=\"async\" class=\"alignnone size-full wp-image-218\" src=\"https:\/\/wordpress.clarku.edu\/arth223leir2025\/wp-content\/uploads\/sites\/918\/2025\/05\/mezquita-catedral-cordoba-1.1152x1152.jpg\" alt=\"\" width=\"1152\" height=\"1152\" srcset=\"https:\/\/wordpress.clarku.edu\/arth223leir2025\/wp-content\/uploads\/sites\/918\/2025\/05\/mezquita-catedral-cordoba-1.1152x1152.jpg 1152w, https:\/\/wordpress.clarku.edu\/arth223leir2025\/wp-content\/uploads\/sites\/918\/2025\/05\/mezquita-catedral-cordoba-1.1152x1152-300x300.jpg 300w, https:\/\/wordpress.clarku.edu\/arth223leir2025\/wp-content\/uploads\/sites\/918\/2025\/05\/mezquita-catedral-cordoba-1.1152x1152-1024x1024.jpg 1024w, https:\/\/wordpress.clarku.edu\/arth223leir2025\/wp-content\/uploads\/sites\/918\/2025\/05\/mezquita-catedral-cordoba-1.1152x1152-150x150.jpg 150w, https:\/\/wordpress.clarku.edu\/arth223leir2025\/wp-content\/uploads\/sites\/918\/2025\/05\/mezquita-catedral-cordoba-1.1152x1152-768x768.jpg 768w, https:\/\/wordpress.clarku.edu\/arth223leir2025\/wp-content\/uploads\/sites\/918\/2025\/05\/mezquita-catedral-cordoba-1.1152x1152-350x350.jpg 350w\" sizes=\"auto, (max-width: 1152px) 100vw, 1152px\" \/><\/p>\n<p>Included in our exciting itinerary in Spain are the cities of Madrid, Toledo, Sevilla, C\u00e1diz, C\u00f3rdoba, Granada, and M\u00e1laga including an exciting day trip to Gibraltar, then by ferry across the Strait of Gibraltar to the Spanish city of Ceuta, which is on the coast of North Africa. From M\u00e1laga, we fly to Turkey, where &nbsp;we will spend a week in the great metropolis of \u0130stanbul, and then take trips around the Sea of Marmara to the Aegean island of Bozcaada, to ancient Troy, \u0130znik, and Bursa. While based predominantly in Europe, on our trip we will also be visiting (briefly) the continents of Africa and Asia, as well. Three continents, three countries, in only four weeks!<\/p>\n<p><img loading=\"lazy\" decoding=\"async\" class=\"alignnone size-full wp-image-221\" src=\"https:\/\/wordpress.clarku.edu\/arth223leir2025\/wp-content\/uploads\/sites\/918\/2025\/05\/Hagia-Sophia-scaled.jpg\" alt=\"\" width=\"2560\" height=\"1462\" srcset=\"https:\/\/wordpress.clarku.edu\/arth223leir2025\/wp-content\/uploads\/sites\/918\/2025\/05\/Hagia-Sophia-scaled.jpg 2560w, https:\/\/wordpress.clarku.edu\/arth223leir2025\/wp-content\/uploads\/sites\/918\/2025\/05\/Hagia-Sophia-300x171.jpg 300w, https:\/\/wordpress.clarku.edu\/arth223leir2025\/wp-content\/uploads\/sites\/918\/2025\/05\/Hagia-Sophia-1024x585.jpg 1024w, https:\/\/wordpress.clarku.edu\/arth223leir2025\/wp-content\/uploads\/sites\/918\/2025\/05\/Hagia-Sophia-768x439.jpg 768w, https:\/\/wordpress.clarku.edu\/arth223leir2025\/wp-content\/uploads\/sites\/918\/2025\/05\/Hagia-Sophia-1536x877.jpg 1536w, https:\/\/wordpress.clarku.edu\/arth223leir2025\/wp-content\/uploads\/sites\/918\/2025\/05\/Hagia-Sophia-2048x1170.jpg 2048w, https:\/\/wordpress.clarku.edu\/arth223leir2025\/wp-content\/uploads\/sites\/918\/2025\/05\/Hagia-Sophia-613x350.jpg 613w, https:\/\/wordpress.clarku.edu\/arth223leir2025\/wp-content\/uploads\/sites\/918\/2025\/05\/Hagia-Sophia-150x86.jpg 150w\" sizes=\"auto, (max-width: 2560px) 100vw, 2560px\" \/><\/p>\n<p>In both Spain and Turkey, we will travel by local buses, by hired shuttles, and also by ferries, allowing us to consider and experience a variety of ways of navigating the Mediterranean&#8217;s complex coastal geography and topography.<\/p>\n<p><img loading=\"lazy\" decoding=\"async\" class=\"alignnone size-full wp-image-222\" src=\"https:\/\/wordpress.clarku.edu\/arth223leir2025\/wp-content\/uploads\/sites\/918\/2025\/05\/iss069e003412_lrg-scaled.jpg\" alt=\"\" width=\"2560\" height=\"1706\" srcset=\"https:\/\/wordpress.clarku.edu\/arth223leir2025\/wp-content\/uploads\/sites\/918\/2025\/05\/iss069e003412_lrg-scaled.jpg 2560w, https:\/\/wordpress.clarku.edu\/arth223leir2025\/wp-content\/uploads\/sites\/918\/2025\/05\/iss069e003412_lrg-300x200.jpg 300w, https:\/\/wordpress.clarku.edu\/arth223leir2025\/wp-content\/uploads\/sites\/918\/2025\/05\/iss069e003412_lrg-1024x683.jpg 1024w, https:\/\/wordpress.clarku.edu\/arth223leir2025\/wp-content\/uploads\/sites\/918\/2025\/05\/iss069e003412_lrg-768x512.jpg 768w, https:\/\/wordpress.clarku.edu\/arth223leir2025\/wp-content\/uploads\/sites\/918\/2025\/05\/iss069e003412_lrg-1536x1024.jpg 1536w, https:\/\/wordpress.clarku.edu\/arth223leir2025\/wp-content\/uploads\/sites\/918\/2025\/05\/iss069e003412_lrg-2048x1365.jpg 2048w, https:\/\/wordpress.clarku.edu\/arth223leir2025\/wp-content\/uploads\/sites\/918\/2025\/05\/iss069e003412_lrg-525x350.jpg 525w, https:\/\/wordpress.clarku.edu\/arth223leir2025\/wp-content\/uploads\/sites\/918\/2025\/05\/iss069e003412_lrg-150x100.jpg 150w\" sizes=\"auto, (max-width: 2560px) 100vw, 2560px\" \/><\/p>\n<p>We are extremely grateful to Clark&#8217;s Study Abroad office and to the Leir benefactors for supporting this incredible opportunity.<\/p>\n<p>Please feel free to explore our WordPress website, which includes <a href=\"https:\/\/wordpress.clarku.edu\/arth223leir2025\/sample-page\/\">bios<\/a> on each of this year&#8217;s Leir program participants, including faculty, staff, and students.&nbsp;<\/p>\n<p>You can also stay tuned for daily blogs by the students of our daily activities. See the tabs above for <a href=\"https:\/\/wordpress.clarku.edu\/arth223leir2025\/spain\/\">Spain<\/a> and <a href=\"https:\/\/wordpress.clarku.edu\/arth223leir2025\/turkey\/\">Turkey<\/a>, which are organized by date.<\/p>\n<p>These blogs are part of the student&#8217;s grade and will be updated as regularly as possible.<\/p>\n<p>Please feel free to comment and send your encouragement to the students as we go along! We look forward to sharing our exciting experiences with you!<\/p>\n<p>&nbsp;<\/p>\n","protected":false},"excerpt":{"rendered":"<p>Thank you for joining us on our Leir 2025 Summer Study Abroad Program to the Mediterranean! This year we will be traveling to Spain and Turkey from May 19 &#8211; June 16. We will visit many cities, monuments, historical and geographical sites as we study the course themes of the &#8230; <a class=\"continue-reading-link\" href=\"https:\/\/wordpress.clarku.edu\/arth223leir2025\/\"> Continue reading<\/a><\/p>\n","protected":false},"author":2215,"featured_media":0,"parent":0,"menu_order":0,"comment_status":"closed","ping_status":"closed","template":"","meta":{"ngg_post_thumbnail":0,"footnotes":""},"class_list":["post-208","page","type-page","status-publish","hentry"],"_links":{"self":[{"href":"https:\/\/wordpress.clarku.edu\/arth223leir2025\/wp-json\/wp\/v2\/pages\/208","targetHints":{"allow":["GET"]}}],"collection":[{"href":"https:\/\/wordpress.clarku.edu\/arth223leir2025\/wp-json\/wp\/v2\/pages"}],"about":[{"href":"https:\/\/wordpress.clarku.edu\/arth223leir2025\/wp-json\/wp\/v2\/types\/page"}],"author":[{"embeddable":true,"href":"https:\/\/wordpress.clarku.edu\/arth223leir2025\/wp-json\/wp\/v2\/users\/2215"}],"replies":[{"embeddable":true,"href":"https:\/\/wordpress.clarku.edu\/arth223leir2025\/wp-json\/wp\/v2\/comments?post=208"}],"version-history":[{"count":0,"href":"https:\/\/wordpress.clarku.edu\/arth223leir2025\/wp-json\/wp\/v2\/pages\/208\/revisions"}],"wp:attachment":[{"href":"https:\/\/wordpress.clarku.edu\/arth223leir2025\/wp-json\/wp\/v2\/media?parent=208"}],"curies":[{"name":"wp","href":"https:\/\/api.w.org\/{rel}","templated":true}]}}