{"id":130,"date":"2025-05-10T19:22:55","date_gmt":"2025-05-10T19:22:55","guid":{"rendered":"https:\/\/wordpress.clarku.edu\/arth223leir2025\/?page_id=130"},"modified":"2025-06-08T13:17:11","modified_gmt":"2025-06-08T13:17:11","slug":"thursday-june-5-2025","status":"publish","type":"page","link":"https:\/\/wordpress.clarku.edu\/arth223leir2025\/turkey\/thursday-june-5-2025\/","title":{"rendered":"Thursday, June 5, 2025"},"content":{"rendered":"<p>Blogger, <a href=\"https:\/\/wordpress.clarku.edu\/arth223leir2025\/sample-page\/kacie-lennon\/\">Kacie Lennon<\/a><\/p>\n<p><b>Daily Highlights:<\/b><b><\/b><\/p>\n<ul>\n<li>Exterior of <em>Hagia Sophia<\/em> with a presentation from Syd<\/li>\n<li>Ferry to Be\u015fikta\u015f<\/li>\n<li>Visit <em>Y\u0131ld\u0131z Saray\u0131<\/em><\/li>\n<li>Visit <em>Dolmabah\u00e7e Saray\u0131<\/em> with a presentation from Sophie<\/li>\n<li>Visit the Galata neighborhood with a presentation from Ana<\/li>\n<li>Walk down&nbsp;\u0130stiklal<\/li>\n<li>Dinner in Galata<\/li>\n<\/ul>\n<p><b>The Exterior of the <em>Hagia Sophia<\/em><\/b><\/p>\n<p>We began our day outside one of Istanbul\u2019s most iconic landmarks, the <i>Hagia Sophia<\/i>, where Sydney gave a presentation sharing insights on the Byzantine and Ottoman layers of architectural history of the building\u2019s exterior. The massive dome, buttresses, and minarets tell a story of centuries of religious and political change, setting the tone for a day of exploring imperial spaces.<\/p>\n<p><b>Ferry Across the Bosphorus<\/b><\/p>\n<p>The ferry ride from Emin\u00f6n\u00fc to Be\u015fikta\u015f gave us sweeping views of both the European and Asian shores of Istanbul. The breeze was refreshing, and seeing the city from the water offered a unique sense of its scale and layered topography.<\/p>\n<p>ngg_shortcode_0_placeholder<b><em>Y\u0131ld\u0131z Saray\u0131<\/em><\/b><\/p>\n<p>At <i>Y\u0131ld\u0131z Saray\u0131<\/i>, nestled in lush gardens, we experienced a more secluded vision of Ottoman power. Compared to the grandeur of other palaces we have visited, <i>Y\u0131ld\u0131z<\/i> felt more intimate\u2014a place of retreat during the empire&#8217;s final decades. Although parts of the complex are undergoing restoration, we walked through the ornamental pavilions and imagined the courtly life that once unfolded here. It was intriguing to see the blend of Art Nouveau and Rococo styles, reflecting a turn-of-the-century European influence. While we were there, a parade unexpectedly passed through the complex, which was a fun surprise!<\/p>\n<p>ngg_shortcode_1_placeholder<b><em>Dolmabah\u00e7e <i>Saray\u0131<\/i><\/em><\/b><\/p>\n<p>After lunch, we visited the<i> Dolmabah\u00e7e Saray\u0131<\/i>, a palace that almost gleamed too brightly to be real. Sophie delivered a birthday-punctuated presentation (happy 20th, Sophie!) about the palace\u2019s eclectic but beautiful 19th-century European-inspired design and its role in the late Ottoman era. The massive chandeliers, gilded ceilings, and sprawling waterfront halls conveyed a deliberate display of imperial endurance and modernity.<\/p>\n<p>ngg_shortcode_2_placeholder<b>Strolling Through \u0130stiklal and Into Galata<\/b><\/p>\n<p>We capped the day with a walk down \u0130stiklal Caddesi, Istanbul\u2019s famous pedestrian boulevard. To get to the top of the hill, we rode a tram through the world\u2019s second-oldest subway tunnel! Amid the bookstores, bakeries, and buskers, the street felt like a living artery of the city. In Galata, the neighborhood that hosts \u0130stiklal, Ana painted a vivid picture of the neighborhood\u2019s Genoese and Ottoman roots, guiding us through the area&#8217;s history with a beautiful view of the <i>Galata Tower<\/i>\u2014a symbol of Istanbul\u2019s layered history of trade, migration, and urban identity.<\/p>\n<p>ngg_shortcode_3_placeholder<b>Reflections<\/b><b><\/b><\/p>\n<p>This day stood out for how it mapped imperial ambitions onto the city\u2019s physical and emotional landscape. From religious authority (<i>Hagia Sophia<\/i>) to monarchical opulence (<i>Dolmabah\u00e7e<\/i>) to cosmopolitan neighborhoods (Galata), we saw how space reflects and constructs power.<\/p>\n<p>Questions I&#8217;m still thinking about:<\/p>\n<ul>\n<li>How did the Ottomans negotiate tradition and modernity in spaces like Dolmabah\u00e7e?<\/li>\n<li>What narratives get preserved or erased when these spaces become tourist attractions?<\/li>\n<\/ul>\n<p>By the time we were sitting down to dinner in Galata (at \u201cThe Hunger,\u201d a fitting name for a full day), Istanbul had added yet another unforgettable layer to our understanding of its imperial and modern complexities.<\/p>\n","protected":false},"excerpt":{"rendered":"<p>Blogger, Kacie Lennon Daily Highlights: Exterior of Hagia Sophia with a presentation from Syd Ferry to Be\u015fikta\u015f Visit Y\u0131ld\u0131z Saray\u0131 Visit Dolmabah\u00e7e Saray\u0131 with a presentation from Sophie Visit the Galata neighborhood with a presentation from Ana Walk down&nbsp;\u0130stiklal Dinner in Galata The Exterior of the Hagia Sophia We began &#8230; <a class=\"continue-reading-link\" href=\"https:\/\/wordpress.clarku.edu\/arth223leir2025\/turkey\/thursday-june-5-2025\/\"> Continue reading<\/a><\/p>\n","protected":false},"author":2215,"featured_media":0,"parent":123,"menu_order":4,"comment_status":"closed","ping_status":"closed","template":"","meta":{"ngg_post_thumbnail":0,"footnotes":""},"class_list":["post-130","page","type-page","status-publish","hentry"],"_links":{"self":[{"href":"https:\/\/wordpress.clarku.edu\/arth223leir2025\/wp-json\/wp\/v2\/pages\/130","targetHints":{"allow":["GET"]}}],"collection":[{"href":"https:\/\/wordpress.clarku.edu\/arth223leir2025\/wp-json\/wp\/v2\/pages"}],"about":[{"href":"https:\/\/wordpress.clarku.edu\/arth223leir2025\/wp-json\/wp\/v2\/types\/page"}],"author":[{"embeddable":true,"href":"https:\/\/wordpress.clarku.edu\/arth223leir2025\/wp-json\/wp\/v2\/users\/2215"}],"replies":[{"embeddable":true,"href":"https:\/\/wordpress.clarku.edu\/arth223leir2025\/wp-json\/wp\/v2\/comments?post=130"}],"version-history":[{"count":0,"href":"https:\/\/wordpress.clarku.edu\/arth223leir2025\/wp-json\/wp\/v2\/pages\/130\/revisions"}],"up":[{"embeddable":true,"href":"https:\/\/wordpress.clarku.edu\/arth223leir2025\/wp-json\/wp\/v2\/pages\/123"}],"wp:attachment":[{"href":"https:\/\/wordpress.clarku.edu\/arth223leir2025\/wp-json\/wp\/v2\/media?parent=130"}],"curies":[{"name":"wp","href":"https:\/\/api.w.org\/{rel}","templated":true}]}}