{"id":67,"date":"2013-06-06T10:40:24","date_gmt":"2013-06-06T14:40:24","guid":{"rendered":"https:\/\/wordpress.clarku.edu\/abebbington\/?page_id=67"},"modified":"2015-01-17T16:59:18","modified_gmt":"2015-01-17T21:59:18","slug":"technicalconsultancyresearch-reports","status":"publish","type":"page","link":"https:\/\/wordpress.clarku.edu\/abebbington\/publications\/technicalconsultancyresearch-reports\/","title":{"rendered":"Technical \/ Consultancy \/ Research Reports"},"content":{"rendered":"<p><b>2012<\/b><\/p>\n<ul>\n<li>Evaluation of Strategic Environmental Assessment for Mining Sector, El Salvador, Report to Ministerio de Ambiente y Recursos Naturales, El Salvador<\/li>\n<\/ul>\n<p><b>2010<\/b><\/p>\n<ul>\n<li>Environmental Governance in El Salvador, Report to Ministerio de Ambiente y Recursos Naturales, El Salvador (consultancy paid by UK Government)<\/li>\n<li><span style=\"text-decoration: underline\">Review of progress with Rimisp\u2019s organizational change process<\/span>.\u00a0 Report to Rimisp-Latin American Centre for Rural Development.\u00a0 Santiago, Chile.<\/li>\n<\/ul>\n<p><b>2009<\/b><\/p>\n<ul>\n<li><span style=\"text-decoration: underline\">Informe de la evaluaci\u00f3n externa de la fase 3 de Papa Andina<\/span>.\u00a0 Report to the International Potato Centre and Swiss Development Cooperation. \u00a0Lima.\u00a0 (Team Leader)<\/li>\n<\/ul>\n<p><b>2007<\/b><\/p>\n<ul>\n<li><span style=\"text-decoration: underline\">Mining and development in Peru with special reference to the Rio Blanco Project<\/span>.\u00a0 \u00a0London.\u00a0 Peru Support Group.\u00a0 (Team leader)<\/li>\n<\/ul>\n<p><b>2006<\/b><\/p>\n<ul>\n<li><span style=\"text-decoration: underline\">Rimisp-Latin American Centre for Rural Development: an institutional assessment<\/span>.\u00a0 For Rimisp, Chile.<\/li>\n<\/ul>\n<p><b>2004\u00a0\u00a0\u00a0\u00a0\u00a0\u00a0\u00a0\u00a0\u00a0\u00a0\u00a0\u00a0\u00a0\u00a0<\/b><\/p>\n<ul>\n<li><span style=\"text-decoration: underline\">How pro-poor is the World Bank Indonesia<\/span>.\u00a0 A Benchmarking Exercise.\u00a0 A Bebbington and A. Barrientos for DfID and the World Bank (Team leader).<\/li>\n<\/ul>\n<p><b>2002<\/b><\/p>\n<ul>\n<li><span style=\"text-decoration: underline\">Contributions of the Dutch Co-Financing Program to Rural Development and Rural Livelihoods in the Highlands of Per\u00fa and Bolivia: Synthesis Report<\/span>\u00a0Anthony Bebbington, Rafael Rojas and Leonith Hinojosa.\u00a0 Stuurgroep, The Netherlands (Team leader).<\/li>\n<li><span style=\"text-decoration: underline\">Conceptualizations of indigenous development<\/span>. Report to Oxfam America, South America Office, Lima, Peru.<\/li>\n<li><span style=\"text-decoration: underline\">Scaling up community driven development for poverty reduction<\/span>.\u00a0 S. Alkire, A. Bebbington, J. van Domelen, P. Dongier, M. Polski and A. Ryan\u00a0 for\u00a0The Poverty Reduction Strategy Sourcebook.\u00a0 Washington.\u00a0 World Bank.<\/li>\n<\/ul>\n<p><b>1999<\/b><\/p>\n<ul>\n<li><span style=\"text-decoration: underline\">Una evaluaci\u00f3n institucional del Centro de Servicios Agropecuarios<\/span>.\u00a0 A. Bebbington team leader.\u00a0 Report to CESA and Brot fur die Weld.<\/li>\n<\/ul>\n<p><b>1998<\/b><\/p>\n<ul>\n<li>Final report on project:\u00a0<span style=\"text-decoration: underline\">Strengthening NGO-Government relationships in agricultural and rural development<\/span>.\u00a0 Department for International Development, London.<\/li>\n<li><span style=\"text-decoration: underline\">Concept note for possible DfID support to a programme of NGO strengthening within the framework of Colombia\u2019s PRONATTA<\/span>. Department for International Development.\u00a0 London.<\/li>\n<\/ul>\n<p><b>1997<\/b><\/p>\n<ul>\n<li><span style=\"text-decoration: underline\">Final Evaluation of PROANDES, Bolivia<\/span>.\u00a0 A Bebbington team leader. Report to Unicef and Sida.\u00a0 La Paz and Stockholm.<\/li>\n<li><span style=\"text-decoration: underline\">Evaluating the Impact of Chilean NGOs: Evaluation and the Dilemmas of Democracy<\/span>\u00a0 with Denise Bebbington.\u00a0\u00a0 Report to Institute of Development Studies, University of Helsinki, Finland.<\/li>\n<\/ul>\n<p><b>1996<\/b><\/p>\n<ul>\n<li><span style=\"text-decoration: underline\">NGO capacity and effectiveness: a review of ESCOR supported research<\/span>.\u00a0 A.Bebbington and D.Mitlin.\u00a0 IIED report to ODA.<\/li>\n<li><span style=\"text-decoration: underline\">Social Capital<\/span>.\u00a0 Co-authored report to the Social Development group, World Bank, Washington D.C.<\/li>\n<\/ul>\n<p><b>1995<\/b><\/p>\n<ul>\n<li><span style=\"text-decoration: underline\">Small Farmer Federations in Bolivia: case studies of their roles in developing and transferring agricultural technologies<\/span>.\u00a0 A.Bebbington, T.Domingo, A.Kopp and J.Quisbert.\u00a0 Report to Overseas Development Administration, UK.<\/li>\n<li><span style=\"text-decoration: underline\">Promoting Development by Proxy: evaluation of the impact of the Swedish NGO programme<\/span>.\u00a0 R.Riddell, A.Bebbington and L.Peck. London.\u00a0 Overseas Development Institute.<\/li>\n<li><span style=\"text-decoration: underline\">Evaluation of the Swedish NGO support programme: Country case study Bolivia<\/span>.\u00a0London.\u00a0 ODI.\u00a0 A. Bebbington and A. Kopp.<\/li>\n<li><span style=\"text-decoration: underline\">Developing country NGOs and donor governments<\/span>.\u00a0 Report to the Overseas Development Administration.\u00a0 R.Riddell and A.Bebbington.\u00a0 ODI.\u00a0 London.<\/li>\n<\/ul>\n<p><b>1994<\/b><\/p>\n<ul>\n<li><span style=\"text-decoration: underline\">Strengthening the Partnership: evaluation of the Finnish NGO Support Programme<\/span>.\u00a0 R.Riddell, A. Bebbington, M.Salokoski and T.Vaaris.\u00a0 Helsinki: Ministry for Foreign Affairs.<\/li>\n<li><span style=\"text-decoration: underline\">Uganda: Finnida NGO Support Programme evaluation country case study<\/span>.\u00a0 Helsinki: Ministry for Foreign Affairs.<\/li>\n<li><span style=\"text-decoration: underline\">Nicaragua:\u00a0 Finnida NGO Support Programme evaluation country case study<\/span>. A.Bebbington and D.Rivera.\u00a0 Helsinki: Ministry for Foreign Affairs<\/li>\n<li><span style=\"text-decoration: underline\">Options for the integration of Lumle and Pakhribas Agricultural Centres into the Nepal Agricultural Research Council<\/span>.\u00a0 A.Bebbington, K.Budathoki, L. Joshi, and S. Mathema.\u00a0 Overseas Development Administration, Bangkok.<\/li>\n<\/ul>\n<p><b>1993<\/b><\/p>\n<ul>\n<li><span style=\"text-decoration: underline\">Preliminary Study of Factors Affecting Feedback from Adaptive Research to Applied and Strategic Agricultural Research<\/span>.\u00a0 by R. Pearce, A., Bebbington and J. Farrington.\u00a0 Final report to Natural Resource and Environment Department Demand Led Strategic Research Initiative. London. Overseas Development Administration.<\/li>\n<li><span style=\"text-decoration: underline\">The Challenge of Demand Led Natural Resources Research: The Research Continuum at Pakhribas Agricultural Centre, Eastern Hills of Nepal<\/span>.\u00a0 Report to Natural Resource and Environment Department Demand Led Strategic Research Initiative.<\/li>\n<li><b><\/b><span style=\"text-decoration: underline\">Informe Externa del Proyecto de Validaci\u00f3n y Transferencia de Tecn\u00f3logia en Sistemas de Produccion Alrededor de la Papa<\/span>.\u00a0 Prepared for Fundagro, Quito, Ecuador.<\/li>\n<\/ul>\n<p><b>1992<\/b><\/p>\n<ul>\n<li><span style=\"text-decoration: underline\">Developing Farmer Participatory Models in Agricultural Research and Extension for Use by Government Research and Extension Services<\/span>.\u00a0 Review of international literature.\u00a0 J. Nelson, J. Farrington and A.J.Bebbington.\u00a0 Under assignment to the Department of Agriculture and Co-operation (Government of India) and the World Bank (Delhi Office).<\/li>\n<li><span style=\"text-decoration: underline\">Mid-term Evaluation of the Sustainable Agriculture and Village Extension Project Implemented by CARE and Funded by Sierra Rutile Limited<\/span>.\u00a0 A. Gordon, A. Bebbington, J. George, K. Kpeglo.\u00a0 Freetown, Sierra Leone.\u00a0 CARE.<\/li>\n<li><span style=\"text-decoration: underline\">Bridging Spheres of Communication: Information Exchange for Sustainable Land Use<\/span>.\u00a0 S.Zadek with A. Bebbington, J. Blauert, J. Farrington, P.Ferguson.\u00a0 London.\u00a0 Overseas Development Institute and Inforum.<\/li>\n<li><span style=\"text-decoration: underline\">Informe del Taller: Generaci\u00f3n y Transferencia de Tecn\u00f3logia Agropecuaria: el Papel de las ONG y el Sector P\u00fablico<\/span>.\u00a0 A, Bebbington, P. Davies, M. Prager, G. Thiele, J. Wadsworth (eds.).\u00a0 Centro de Investigaci\u00f3n Agricola Tropical. Santa Cruz, Bolivia.<\/li>\n<\/ul>\n<p><b>1991<\/b><\/p>\n<ul>\n<li><span style=\"text-decoration: underline\">Evaluaci\u00f3n del impacto generado por los proyectos de desarrollo de base auspiciados por la Fundaci\u00f3n Inter-Americano en el Ecuador<\/span>.\u00a0 A. Bebbington, H.Carrasco, L.Peralbo, G.Ram\u00f3n, V.H. Torres, J.Trujillo.\u00a0 Report to Inter-American Foundation,\u00a0 Rosslyn, USA.<\/li>\n<li><span style=\"text-decoration: underline\">Report on monitoring trip to Ecuador and Chile for the\u00a0NGO-public sector linkages in agricultural research and\u00a0extension study<\/span>.\u00a0 Report to Overseas Development Institute London and the\u00a0 Centro de Investigaci\u00f3n en Agricultura Tropical, Santa Cruz, Bolivia.<\/li>\n<li><span style=\"text-decoration: underline\">Agricultural Technology and the Rural Poor: Preliminary Evidence on the Scope for NGO-Government Links<\/span>.\u00a0 J.Farrington and A. Bebbington.\u00a0 Report notes submitted to International Economic Relations Division, Policy Research Analysis, the World Bank, Washington, USA.<\/li>\n<\/ul>\n<p><b>1990<\/b><\/p>\n<ul>\n<li><span style=\"text-decoration: underline\">A preliminary report to CIAT-BTAM on research themes in the relationship between NGOs and the public sector in the generation, adaptation and transfer of agricultural technology<\/span>.\u00a0 Report to El Centro de Investigaci\u00f3n en Agricultura Tropical, Santa Cruz,\u00a0 Bolivia and the Overseas Development Institute, London.<\/li>\n<\/ul>\n<p><b>1989<\/b><\/p>\n<ul>\n<li><span style=\"text-decoration: underline\">Report submitted to the Inter-American Foundation on the mid-term meetings of Foundation Doctoral Fellows<\/span>, Quito, Ecuador.\u00a0<b><\/b><\/li>\n<\/ul>\n<p><b>1988<\/b><\/p>\n<ul>\n<li><span style=\"text-decoration: underline\">Campesino-Institutional Relations in Cantones Colta and Guamote, Province of Chimborazo.\u00a0\u00a0Some Notes Relating to the Production of Potato<\/span>. Report to La Fundaci\u00f3n para el Desarrollo Agropecuario. Quito, Ecuador.<b><\/b><\/li>\n<\/ul>\n<p><b><\/b><b>1987<\/b><\/p>\n<ul>\n<li><span style=\"text-decoration: underline\">From Dis-articulated to Articulated Regional Economies. Current Trends in Urban-Rural Relations in the Department of Cajamarca, Peru<\/span>.\u00a0 Report for &#8220;Comparative Study of\u00a0 Urban-Rural Linkages: Peru, Ecuador and Mexico.&#8221;<\/li>\n<\/ul>\n<p><b>1986<\/b><\/p>\n<ul>\n<li><span style=\"text-decoration: underline\">Maladaptation and Change.\u00a0 Recent Trends in Potato Cultivation in Oxapampa<\/span>. Technical report held in Departamento de Ciencias Sociales, Centro Internacional de la Papa, Lima, Peru.<\/li>\n<\/ul>\n<p><b>1984<\/b><\/p>\n<ul>\n<li><span style=\"text-decoration: underline\">Final Report of the Cambridge Quinoa Research Team to Peru<\/span>.\u00a0 (co-authored). Royal Geographical Society, London.<\/li>\n<\/ul>\n","protected":false},"excerpt":{"rendered":"<p>2012 Evaluation of Strategic Environmental Assessment for Mining Sector, El Salvador, Report to Ministerio de Ambiente y Recursos Naturales, El Salvador 2010 Environmental Governance in El Salvador, Report to Ministerio [&hellip;]<\/p>\n","protected":false},"author":91,"featured_media":0,"parent":8,"menu_order":90,"comment_status":"closed","ping_status":"closed","template":"","meta":{"ngg_post_thumbnail":0,"footnotes":""},"class_list":["post-67","page","type-page","status-publish","hentry"],"_links":{"self":[{"href":"https:\/\/wordpress.clarku.edu\/abebbington\/wp-json\/wp\/v2\/pages\/67","targetHints":{"allow":["GET"]}}],"collection":[{"href":"https:\/\/wordpress.clarku.edu\/abebbington\/wp-json\/wp\/v2\/pages"}],"about":[{"href":"https:\/\/wordpress.clarku.edu\/abebbington\/wp-json\/wp\/v2\/types\/page"}],"author":[{"embeddable":true,"href":"https:\/\/wordpress.clarku.edu\/abebbington\/wp-json\/wp\/v2\/users\/91"}],"replies":[{"embeddable":true,"href":"https:\/\/wordpress.clarku.edu\/abebbington\/wp-json\/wp\/v2\/comments?post=67"}],"version-history":[{"count":0,"href":"https:\/\/wordpress.clarku.edu\/abebbington\/wp-json\/wp\/v2\/pages\/67\/revisions"}],"up":[{"embeddable":true,"href":"https:\/\/wordpress.clarku.edu\/abebbington\/wp-json\/wp\/v2\/pages\/8"}],"wp:attachment":[{"href":"https:\/\/wordpress.clarku.edu\/abebbington\/wp-json\/wp\/v2\/media?parent=67"}],"curies":[{"name":"wp","href":"https:\/\/api.w.org\/{rel}","templated":true}]}}