{"id":58,"date":"2013-06-06T10:34:57","date_gmt":"2013-06-06T14:34:57","guid":{"rendered":"https:\/\/wordpress.clarku.edu\/abebbington\/?page_id=58"},"modified":"2015-01-16T21:14:45","modified_gmt":"2015-01-17T02:14:45","slug":"working-discussion-papers-and-conference-proceedings","status":"publish","type":"page","link":"https:\/\/wordpress.clarku.edu\/abebbington\/publications\/working-discussion-papers-and-conference-proceedings\/","title":{"rendered":"Working, Discussion Papers and Conference Proceedings"},"content":{"rendered":"<p><em>Note that a number of these working papers have subsequently appeared in amended form in articles and chapters mentioned earlier.<\/em><\/p>\n<p><strong>2012<\/strong><\/p>\n<ul>\n<li>Territorios en Movimiento: Din\u00e1micas Territoriales Rurales en Am\u00e9rica Latina. Julio A. Berdegu\u00e9, Anthony Bebbington, Javier Escobal, Arilson Favareto, M. Ignacia Fern\u00e1ndez, Pablo Ospina, Helle Munk Ravnborg, Francisco Aguirre, Manuel Chiriboga, Ileana G\u00f3mez, Ligia G\u00f3mez, F\u00e9lix Modrego, Susan Paulson, Eduardo Ram\u00edrez, Alexander Schejtman, Carolina Trivelli. Santiago. Rimisp.<\/li>\n<\/ul>\n<p><strong>2011<\/strong><\/p>\n<ul>\n<li>Din\u00e1micas territoriales y formaci\u00f3n de territories en contextos de expansi\u00f3n de industrias extractivas. Tarija, Bolivia. L.Hinojosa, J.P. Chumacero, G. Cortez, A. Bebbington. Documento de Trabajo 89 <span style=\"text-decoration: underline\">Programa Din\u00e1micas Territoriales Rurales<\/span>. Santiago: Rimisp.<\/li>\n<\/ul>\n<p><strong>2010<\/strong><\/p>\n<ul>\n<li>An Andean Avatar: Post-neoliberal and neoliberal strategies for promoting extractive industries. A Bebbington and D. Humphreys Bebbington, <span style=\"text-decoration: underline\">Brooks World Poverty Institute Working Paper<\/span> No. 117. Manchester.<\/li>\n<\/ul>\n<p><strong>2009<\/strong><\/p>\n<ul>\n<li>Decentring poverty, reworking government: movements and states in the government of poverty. A. Bebbington, D. Mitlin, J. Mogaladi, M. Scurrah, C. Bielich <span style=\"text-decoration: underline\">Chronic Poverty Research Centre Working Paper<\/span> 149. Manchester\/London: CPRC.<\/li>\n<\/ul>\n<p><strong>2008<\/strong><\/p>\n<ul>\n<li>Contention and Ambiguity: Mining and the Possibilities of Development. A. Bebbington, L. Hinojosa, D. Humphreys Bebbington, M- Burneo and X. Warnaars <span style=\"text-decoration: underline\">Brooks World Poverty Institute Working Paper<\/span> No. 57. Manchester.<\/li>\n<li>Mining and social movements: struggles over livelihood and rural territorial development in the Andes. A. Bebbington, D. Humphreys Bebbington, J. Bury, J.Lingan, J.P.Mu\u00f1oz and M. Scurrah. <span style=\"text-decoration: underline\">Brooks World Poverty Institute Working Paper<\/span> No. 33. Manchester.<\/li>\n<\/ul>\n<p><strong>2006<\/strong><\/p>\n<ul>\n<li>Where Does Development Success Come From? Explanations And Practical Implications [Anthony Bebbington and Willy McCourt]. IDPM Discussion Paper, 70 . Manchester.<\/li>\n<li>Social movements and chronic poverty across the urban-rural divide: concepts and experiences. D. Mitlin and A. Bebbington] <span style=\"text-decoration: underline\">CPRC Working Paper<\/span> No. 65 and Background Paper for Chronic Poverty Report 2 (2007).<\/li>\n<li>Social movements and the politicization of chronic poverty policy. <span style=\"text-decoration: underline\">CPRC Working Paper<\/span> No. 63 and Background Paper for Chronic Poverty Report 2 (2007)<\/li>\n<li>Reclaiming development? NGOs and the challenge of alternatives. Diana Mitlin, Sam Hickey, Anthony Bebbington.<span style=\"text-decoration: underline\"> Global Poverty Research Group Working Paper<\/span> 43. Oxford. GPRG.<\/li>\n<\/ul>\n<p><strong>2005<\/strong><\/p>\n<ul>\n<li>El desarrollo de base y los espacios p\u00fablicos de concertaci\u00f3n local en Am\u00e9rica Latina. Anthony Bebbington; Gonzalo Delamaza y Rodrigo Villar. Santiago. <span style=\"text-decoration: underline\">Programa de Ciudadan\u00eda y Gesti\u00f3n Local<\/span>.<\/li>\n<li>Los espacios p\u00fablicos de concertaci\u00f3n local y sus limites en un municipio ind\u00edgena: Guamote, Ecuador. Anthony Bebbington. Santiago. <span style=\"text-decoration: underline\">Programa de Ciudadan\u00eda y Gesti\u00f3n Local<\/span>.<\/li>\n<li>Knowledge generation for poverty reduction within donor organizations. A Bebbington and A. Barrientos. <span style=\"text-decoration: underline\">Global Poverty Research Group Working Paper<\/span> 23. Oxford. GPRG.<\/li>\n<li>Knowledge generation for poverty reduction. A benchmarking study of the World Bank Indonesia Country Office. A Bebbington and A Barrientos. Jakarta. World Bank.<\/li>\n<\/ul>\n<p><strong>2004<\/strong><\/p>\n<ul>\n<li>Use of civil society organizations to raise the voice of the poor in agricultural policy. A. Bebbington and J. Thompson with others. <span style=\"text-decoration: underline\">DfID RNRA Team Working Paper<\/span> 14. London. DfID.<\/li>\n<\/ul>\n<p><strong>2002<\/strong><\/p>\n<ul>\n<li>Practice, power and meaning: frameworks for studying organisational culture in multi-agency rural development projects. D. Lewis, A. Bebbington, S. Batterbury, A. Shah, E. Olson, M. S. Siddiqi and S. Duvall. <span style=\"text-decoration: underline\">Center for Civil Society International Working Paper<\/span> No. 12, London School of Economics. London.<\/li>\n<\/ul>\n<p><strong>2000<\/strong><\/p>\n<ul>\n<li>Induced social capital formation and federations of the rural poor. A Bebbington and T. Carroll. <span style=\"text-decoration: underline\">Social Capital Initiative Paper<\/span> No. 19. Washington. World Bank.<\/li>\n<\/ul>\n<p><strong>1999<\/strong><\/p>\n<ul>\n<li>\u201cCapitals and capabilities: a framework for analyzing peasant viability, rural livelihoods and poverty in the Andes\u201d <span style=\"text-decoration: underline\">Policies That Work Working Paper Series<\/span>. Sustainable Agriculture Programme, International Institute for Environment and Development. London.<\/li>\n<\/ul>\n<p><strong>1997<\/strong><\/p>\n<ul>\n<li>\u201cCrises and transitions: non-governmental organizations and political economic change in the Andean region.\u201d <span style=\"text-decoration: underline\">Agricultural Research and Extension Network Paper<\/span> No. 76, ODI. London.<\/li>\n<li>\u201cEvaluating the impact of Chilean NGOs: evaluation and the dilemmas of democracy\u201d <span style=\"text-decoration: underline\">Boletin RIMISP<\/span> Denise Bebbington and A. Bebbington.<\/li>\n<\/ul>\n<p><strong>1996<\/strong><\/p>\n<ul>\n<li>\u201cParticipation through Intermediary NGOs.\u201d T.Carroll, M.Schmidt and A.Bebbington. <span style=\"text-decoration: underline\">Environment Department Papers<\/span> No 031. Environment Department. World Bank. Washington DC.<\/li>\n<li>&#8220;Technology and rural development strategies in a base economic organization: the &#8220;El Ceibo&#8221; federation of agricultural cooperatives&#8221; A.Bebbington, J.Quisbert and G.Trujillo <span style=\"text-decoration: underline\">Agricultural Research and Extension Network Paper<\/span> Number 62. London. Overseas Development Institute.<\/li>\n<li><span style=\"text-decoration: underline\">Crisis y caminos: reflexiones her\u00e9ticas acerca de las ONG, el estado y el desarrollo rural en Am\u00e9rica Latina<\/span>. La Paz. NOGUB-COTESU.<\/li>\n<\/ul>\n<p><strong>1994<\/strong><\/p>\n<ul>\n<li>&#8220;Farmer and community organisations in Agricultural Research and Extension: Functions, Impacts and Questions&#8221; A.J. Bebbington, D. Merrill-Sands and J.Farrington. <span style=\"text-decoration: underline\">Agricultural Research and Extension Network Paper<\/span> Number 47. London. ODI.<\/li>\n<li>\u201cFrom research to innovation: getting the most from interaction with NGOs in farming systems research and extension.\u201d J.Farrington and A.Bebbington. Gatekeeper Paper Number 43. London. International Institute for Environment and Development. (also published in I.Scoones and J.Thompson 1994 (eds.) <span style=\"text-decoration: underline\">Beyond Farmer First: rural peoples&#8217; knowledge, agricultural research and extension practice<\/span>. London. IT Publications ).<\/li>\n<\/ul>\n<p><strong>1993<\/strong><\/p>\n<ul>\n<li>&#8220;Rural peoples&#8217; knowledge, farmers organisations and regional development: implications for agricultural research and extension.&#8221; Bebbington, A.J., Carrasco, H., Peralbo, L., Ram\u00f3n, G., Torres, V.H. and Trujillo, J. <span style=\"text-decoration: underline\">Agricultural Research and Extension Network Paper<\/span> Number 41. London. ODI.<\/li>\n<\/ul>\n<p><strong>1992<\/strong><\/p>\n<ul>\n<li>&#8220;Private voluntary initiatives: Enhancing the public sector&#8217;s capacity to respond to non-governmental organisation needs.&#8221; A.J. Bebbington and J. Farrington, In: J.R. Anderson and C. de Haan (eds.) <span style=\"text-decoration: underline\">Public and Private Roles in Agricultural Development<\/span>. Proceedings of the Twelfth Agricultural Sector Symposium. The World Bank: Washington DC.<\/li>\n<li>Searching for an indigenous agricultural development: Indian organizations and NGOs in the central Andes of Ecuador. <span style=\"text-decoration: underline\">Centre of Latin American Studies, Cambridge University, Working Paper<\/span> No. 45. Cambridge. Centre of Latin American Studies.<\/li>\n<li>\u201cThe scope for NGO-government interactions in agricultural technology development: an international overview.\u201d A.J.Bebbington &amp; J Farrington, ODI <span style=\"text-decoration: underline\">Agricultural Administration (Research and Extension) Network Paper<\/span> 33. London. Overseas Development Institute.<\/li>\n<\/ul>\n<p><strong>1991<\/strong><\/p>\n<ul>\n<li>\u201cFarmer Organizations in Ecuador: Contributions to Farmer First Research and Development.\u201d <span style=\"text-decoration: underline\">Gatekeeper Paper<\/span> 26, Sustainable Agriculture Programme. International Institute of Environment and Development. London.<\/li>\n<\/ul>\n<p><strong>1989<\/strong><\/p>\n<ul>\n<li>\u201cInstitutional options and multiple sources of agricultural innovation. Evidence from an Ecuadorian case study.\u201d <span style=\"text-decoration: underline\">Agricultural Administration (Research and Extension) Network Paper<\/span> 11. London. Overseas Development Institute.<\/li>\n<\/ul>\n<p><strong>1988<\/strong><\/p>\n<ul>\n<li>\u201cFarmer Strategies in Regional Agricultural Change. The Case of Commercial Potato Production in Oxapampa.\u201d <span style=\"text-decoration: underline\">Social Science Working Paper<\/span> 1988-1. International Potato Center, Lima.<\/li>\n<\/ul>\n","protected":false},"excerpt":{"rendered":"<p>Note that a number of these working papers have subsequently appeared in amended form in articles and chapters mentioned earlier. 2012 Territorios en Movimiento: Din\u00e1micas Territoriales Rurales en Am\u00e9rica Latina. [&hellip;]<\/p>\n","protected":false},"author":91,"featured_media":0,"parent":8,"menu_order":60,"comment_status":"closed","ping_status":"closed","template":"","meta":{"ngg_post_thumbnail":0,"footnotes":""},"class_list":["post-58","page","type-page","status-publish","hentry"],"_links":{"self":[{"href":"https:\/\/wordpress.clarku.edu\/abebbington\/wp-json\/wp\/v2\/pages\/58","targetHints":{"allow":["GET"]}}],"collection":[{"href":"https:\/\/wordpress.clarku.edu\/abebbington\/wp-json\/wp\/v2\/pages"}],"about":[{"href":"https:\/\/wordpress.clarku.edu\/abebbington\/wp-json\/wp\/v2\/types\/page"}],"author":[{"embeddable":true,"href":"https:\/\/wordpress.clarku.edu\/abebbington\/wp-json\/wp\/v2\/users\/91"}],"replies":[{"embeddable":true,"href":"https:\/\/wordpress.clarku.edu\/abebbington\/wp-json\/wp\/v2\/comments?post=58"}],"version-history":[{"count":0,"href":"https:\/\/wordpress.clarku.edu\/abebbington\/wp-json\/wp\/v2\/pages\/58\/revisions"}],"up":[{"embeddable":true,"href":"https:\/\/wordpress.clarku.edu\/abebbington\/wp-json\/wp\/v2\/pages\/8"}],"wp:attachment":[{"href":"https:\/\/wordpress.clarku.edu\/abebbington\/wp-json\/wp\/v2\/media?parent=58"}],"curies":[{"name":"wp","href":"https:\/\/api.w.org\/{rel}","templated":true}]}}