{"id":43,"date":"2013-06-06T09:24:51","date_gmt":"2013-06-06T13:24:51","guid":{"rendered":"https:\/\/wordpress.clarku.edu\/abebbington\/?page_id=43"},"modified":"2015-01-16T14:56:03","modified_gmt":"2015-01-16T19:56:03","slug":"books-and-edited-collections","status":"publish","type":"page","link":"https:\/\/wordpress.clarku.edu\/abebbington\/publications\/books-and-edited-collections\/","title":{"rendered":"Books and edited collections"},"content":{"rendered":"<p><strong><a href=\"http:\/\/utpress.utexas.edu\/index.php\/books\/beesub\" target=\"_blank\"><img loading=\"lazy\" decoding=\"async\" class=\"  wp-image-283 alignnone\" src=\"https:\/\/wordpress.clarku.edu\/wp-content\/uploads\/sites\/40\/2013\/06\/Sub-Struggles-200x300.jpg\" alt=\"Sub Struggles\" width=\"118\" height=\"177\" srcset=\"https:\/\/wordpress.clarku.edu\/abebbington\/wp-content\/uploads\/sites\/40\/2013\/06\/Sub-Struggles-200x300.jpg 200w, https:\/\/wordpress.clarku.edu\/abebbington\/wp-content\/uploads\/sites\/40\/2013\/06\/Sub-Struggles.jpg 500w\" sizes=\"auto, (max-width: 118px) 100vw, 118px\" \/><\/a>\u00a0\u00a0 \u00a0 \u00a0<a href=\"http:\/\/www.iep.org.pe\/fp_scont_1277_scont_3388.html\" target=\"_blank\"><img loading=\"lazy\" decoding=\"async\" class=\"  wp-image-190 alignnone\" src=\"https:\/\/wordpress.clarku.edu\/wp-content\/uploads\/sites\/40\/2013\/06\/iep-book-2013.jpg\" alt=\"IEP Book 2013\" width=\"129\" height=\"176\" \/><\/a>\u00a0 \u00a0\u00a0\u00a0<a href=\"http:\/\/www.amazon.com\/Conflict-Economic-Development-Extractive-Industry\/dp\/0415620716\" target=\"_blank\"><img loading=\"lazy\" decoding=\"async\" class=\"  wp-image-284 alignnone\" src=\"https:\/\/wordpress.clarku.edu\/wp-content\/uploads\/sites\/40\/2013\/06\/Social-Conflict.png\" alt=\"Social Conflict\" width=\"118\" height=\"178\" \/><\/a>\u00a0 \u00a0\u00a0\u00a0<img loading=\"lazy\" decoding=\"async\" class=\"  wp-image-223 alignnone\" src=\"https:\/\/wordpress.clarku.edu\/wp-content\/uploads\/sites\/40\/2013\/06\/imagen_n20121203120031.jpg\" alt=\"imagen_n20121203120031\" width=\"131\" height=\"177\" \/>\u00a0 \u00a0 \u00a0<img loading=\"lazy\" decoding=\"async\" class=\"  wp-image-220 alignnone\" src=\"https:\/\/wordpress.clarku.edu\/wp-content\/uploads\/sites\/40\/2013\/06\/Cover-IEP-2007-2011-206x300.jpg\" alt=\"Cover IEP 2007-2011\" width=\"122\" height=\"177\" srcset=\"https:\/\/wordpress.clarku.edu\/abebbington\/wp-content\/uploads\/sites\/40\/2013\/06\/Cover-IEP-2007-2011-206x300.jpg 206w, https:\/\/wordpress.clarku.edu\/abebbington\/wp-content\/uploads\/sites\/40\/2013\/06\/Cover-IEP-2007-2011-704x1024.jpg 704w, https:\/\/wordpress.clarku.edu\/abebbington\/wp-content\/uploads\/sites\/40\/2013\/06\/Cover-IEP-2007-2011.jpg 1098w\" sizes=\"auto, (max-width: 122px) 100vw, 122px\" \/>\u00a0 \u00a0\u00a0\u00a0<a href=\"http:\/\/www.amazon.com\/Institutional-Pathways-Equity-Addressing-Inequality\/dp\/0821370138\/ref=sr_1_1?ie=UTF8&amp;qid=1421438083&amp;sr=8-1&amp;keywords=Institutional+pathways+to+equity%3A+addressing+inequality+traps\" target=\"_blank\"><img loading=\"lazy\" decoding=\"async\" class=\"  wp-image-287 alignnone\" src=\"https:\/\/wordpress.clarku.edu\/wp-content\/uploads\/sites\/40\/2013\/06\/Institutional-Pathways-200x300.png\" alt=\"Institutional Pathways\" width=\"118\" height=\"177\" srcset=\"https:\/\/wordpress.clarku.edu\/abebbington\/wp-content\/uploads\/sites\/40\/2013\/06\/Institutional-Pathways-200x300.png 200w, https:\/\/wordpress.clarku.edu\/abebbington\/wp-content\/uploads\/sites\/40\/2013\/06\/Institutional-Pathways.png 542w\" sizes=\"auto, (max-width: 118px) 100vw, 118px\" \/><\/a>\u00a0\u00a0<\/strong><\/p>\n<p><strong>2013 \u00a0 \u00a0 \u00a0 \u00a0 \u00a0 \u00a0\u00a0<\/strong><\/p>\n<ul>\n<li><a href=\"http:\/\/utpress.utexas.edu\/index.php\/books\/beesub\" target=\"_blank\">Subterranean Struggles: New Dynamics of Mining, Oil and Gas \u00a0in Latin America<\/a>.\u00a0A. Bebbington and J. Bury (eds.)\u00a0 Austin: University of Texas Press (November).<\/li>\n<li><a href=\"http:\/\/www.iep.org.pe\/fp_scont_1277_scont_3388.html\" target=\"_blank\">Industrias extractivas, conflicto social y din\u00e1micas institucionales en la r<\/a><a href=\"http:\/\/www.iep.org.pe\/fp_scont_1277_scont_3388.html\">eg<\/a><a href=\"http:\/\/www.iep.org.pe\/fp_scont_1277_scont_3388.html\">i\u00f3n <\/a>andina.\u00a0 A Bebbington (ed.).\u00a0 Lima.\u00a0 Instituto de Estudios Peruanos (modified and extended version of Routledge book, 2012).<\/li>\n<\/ul>\n<p><strong>2012\u00a0\u00a0\u00a0\u00a0\u00a0\u00a0\u00a0\u00a0\u00a0\u00a0\u00a0\u00a0\u00a0<\/strong><\/p>\n<ul>\n<li><a href=\"http:\/\/www.amazon.com\/Conflict-Economic-Development-Extractive-Industry\/dp\/0415620716\" target=\"_blank\">Social Conflict, Economic Development and Extractive Industry: Evidence from South America<\/a>. \u00a0(editor).\u00a0 London.\u00a0 Routledge. (paperback version now available\u00a0<a href=\"http:\/\/www.routledge.com\/books\/details\/9780415710718\/\">here<\/a>).<\/li>\n<\/ul>\n<p><strong>2011\u00a0\u00a0\u00a0\u00a0\u00a0\u00a0\u00a0\u00a0\u00a0\u00a0\u00a0\u00a0\u00a0<\/strong><\/p>\n<ul>\n<li>Los Movimientos Sociales y la Pol\u00edtica de la Pobreza en el Per\u00fa.\u00a0 A. Bebbington, M. Scurrah, C. Bielich.\u00a0 Lima: Instituto de Estudios Peruanos.<\/li>\n<li>Miner\u00eda, movimientos sociales y respuestas campesinas: una ecolog\u00eda pol\u00edtica de transformaciones territoriales.\u00a0 (editor) Lima.\u00a0\u00a0 Instituto de Estudios Peruanos\/Centro Peruano de Estudios Sociales.\u00a0 (2nd edition with new introduction)<\/li>\n<\/ul>\n<p><strong>2008\u00a0\u00a0\u00a0\u00a0\u00a0\u00a0\u00a0\u00a0\u00a0\u00a0\u00a0\u00a0<\/strong><\/p>\n<ul>\n<li><a href=\"http:\/\/www.amazon.com\/Institutional-Pathways-Equity-Addressing-Inequality\/dp\/0821370138\/ref=sr_1_1?ie=UTF8&amp;qid=1421438083&amp;sr=8-1&amp;keywords=Institutional+pathways+to+equity%3A+addressing+inequality+traps\" target=\"_blank\">Institutional pathways to equity: addressing inequality traps<\/a>.\u00a0 A. Bebbington, A. Dani, A de Haan, M. Walton (eds.). Washington DC.\u00a0 World Bank.<\/li>\n<li><a href=\"http:\/\/www.amazon.com\/Can-NGOs-Make-Difference-Alternatives\/dp\/1842778935\/ref=sr_1_sc_1?ie=UTF8&amp;qid=1421437379&amp;sr=8-1-spell&amp;keywords=can+ngos+make+a+differentce\" target=\"_blank\">Can NGOs Make A Difference? The Challenge of Development Alternatives<\/a>.\u00a0 A. Bebbington, S. Hickey, D. Mitlin (eds.).\u00a0 London.\u00a0 Zed.<\/li>\n<\/ul>\n<p><strong>2007\u00a0\u00a0\u00a0\u00a0\u00a0\u00a0\u00a0\u00a0\u00a0\u00a0\u00a0\u00a0<\/strong><\/p>\n<ul>\n<li><a href=\"http:\/\/www.amazon.com\/Development-Success-Statecraft-Anthony-Bebbington\/dp\/0230008216\" target=\"_blank\">Development success: statecraft in the South<\/a>.\u00a0 A. Bebbington and W. McCourt (eds.).\u00a0 London.\u00a0 Palgrave Macmillan.<\/li>\n<li><a href=\"http:\/\/www.amazon.com\/Investigacion-Cambio-Social-Desafios-Centroamerica\/dp\/9993972436\" target=\"_blank\">Investigaci\u00f3n y cambio social: desaf\u00edos para las ONG en Centroam\u00e9rica y M\u00e9xico<\/a>.\u00a0 A.Bebbington (ed.).\u00a0 Guatemala City.\u00a0 Editorial de Ciencias Sociales.<\/li>\n<li>Miner\u00eda, movimientos sociales y respuestas campesinas: una ecolog\u00eda pol\u00edtica de transformaciones territoriales.\u00a0 (editor) Lima.\u00a0\u00a0 Instituto de Estudios Peruanos\/Centro Peruano de Estudios Sociales.<\/li>\n<li>Mining and development in Peru, with special reference to the Rio Blanco Project, Piura.\u00a0 A. Bebbington, M. Connarty MP, W. Coxshall, H.O&#8217;Shaughnessy, M. Williams.\u00a0 London.\u00a0 Peru Support Group.\n<ul>\n<li><em>Translated and published in Peru as:\u00a0<\/em>Miner\u00eda y Desarrollo en Per\u00fa\u00a0con especial referencia al Proyecto R\u00edo Blanco, Piura.\u00a0 A. Bebbington, M. Connarty, W. Coxshall, H.O&#8217;Shaughnessy, M. Williams.\u00a0 Lima.\u00a0\u00a0 Instituto de Estudios Peruanos\/CIPCA\/Oxfam International\/Peru Support Group.<\/li>\n<\/ul>\n<\/li>\n<\/ul>\n<p><strong>2006\u00a0\u00a0\u00a0\u00a0\u00a0\u00a0\u00a0\u00a0\u00a0\u00a0\u00a0\u00a0<\/strong><\/p>\n<ul>\n<li>The search for empowerment.\u00a0 Social capital as idea and practice at the World Bank.\u00a0 A. Bebbington, M. Woolcock, S. Guggenheim and E. Olson (eds.).\u00a0 West Hartford.\u00a0 Kumarian.<\/li>\n<\/ul>\n<p><strong>2001\u00a0\u00a0\u00a0\u00a0\u00a0\u00a0\u00a0\u00a0\u00a0\u00a0\u00a0\u00a0<\/strong><\/p>\n<ul>\n<li>El capital social en los Andes\u00a0A. Bebbington and V.H.Torres (eds.).\u00a0 Quito.\u00a0 Abya-Yala.<\/li>\n<\/ul>\n<p><strong>2000\u00a0\u00a0\u00a0\u00a0\u00a0\u00a0\u00a0\u00a0\u00a0\u00a0\u00a0\u00a0<\/strong><\/p>\n<ul>\n<li>Los campesinos y las pol\u00edticas p\u00fablicas: encuentros y desencuentros.\u00a0 D. Mu\u00f1oz with A. Espinar, M. Canedo, A. Bebbington and S. Croxton.\u00a0 La Paz.\u00a0 Editorial Plural.<\/li>\n<\/ul>\n<p><strong>1997\u00a0\u00a0\u00a0\u00a0\u00a0\u00a0\u00a0\u00a0\u00a0\u00a0\u00a0\u00a0<\/strong><\/p>\n<ul>\n<li>El papel de las organizaciones campesinas en la generaci\u00f3n y transferencia de la tecnolog\u00eda agropecuaria: tres estudios de caso.\u00a0 A.Bebbington, T.Domingo, A.Kopp and J.Quisbert.\u00a0 La Paz.\u00a0 Editorial CID.<\/li>\n<\/ul>\n<p><strong>1993\u00a0\u00a0\u00a0\u00a0\u00a0\u00a0\u00a0\u00a0\u00a0\u00a0\u00a0\u00a0<\/strong><\/p>\n<ul>\n<li>NGOs and the state in Latin America: rethinking roles in sustainable agricultural development.\u00a0 A.J. Bebbington and G. Thiele.\u00a0 London. Routledge.<\/li>\n<li>Reluctant partners: NGOs, the state and sustainable agricultural development\u00a0J.Farrington and A.J.Bebbington with K. Wellard and D. Lewis.\u00a0 London.\u00a0 Routledge.<\/li>\n<li>Cultivating knowledge: genetic diversity, farmer experimentation and crop research.\u00a0 W.de Boef, K.Amanor, K.Wellard with A.Bebbington (eds.).\u00a0 London.\u00a0 Intermediate Technology Publications.<\/li>\n<li>Generaci\u00f3n y transferencia de tecnolog\u00eda agropecuaria: el papel de las ONG y el sector p\u00fablico:\u00a0estudios de caso.\u00a0 Edited by: G.Thiele, M.Prager, A.J.Bebbington, H.Riveros, P. Davies and J.Wadsworth.\u00a0 Santa Cruz.\u00a0 Centro de Investigaci\u00f3n en la Agricultura Tropical.<\/li>\n<\/ul>\n<p><strong>1992 \u00a0 \u00a0 \u00a0 \u00a0 \u00a0 \u00a0<\/strong><\/p>\n<ul>\n<li>Los actores de una decada ganada: tribus, comunas y campesinos en la modernidad.\u00a0 A. Bebbington, H.Carrasco, L.Peralvo, G.Ram\u00f3n, V.H. Torres and J.Trujillo.\u00a0 Quito.\u00a0 Comunidec\/Abya-Yala.<\/li>\n<li>La generaci\u00f3n y transferencia de tecnolog\u00eda agropecuaria en Am\u00e9rica del Sur: el papel de las ONGs y el sector p\u00fablico.\u00a0 A. Bebbington, M.Prager, H. Riveros &amp; G.Thiele. Celater.\u00a0 Cali.<\/li>\n<\/ul>\n","protected":false},"excerpt":{"rendered":"<p>\u00a0\u00a0 \u00a0 \u00a0\u00a0 \u00a0\u00a0\u00a0\u00a0 \u00a0\u00a0\u00a0\u00a0 \u00a0 \u00a0\u00a0 \u00a0\u00a0\u00a0\u00a0\u00a0 2013 \u00a0 \u00a0 \u00a0 \u00a0 \u00a0 \u00a0\u00a0 Subterranean Struggles: New Dynamics of Mining, Oil and Gas \u00a0in Latin America.\u00a0A. Bebbington and J. [&hellip;]<\/p>\n","protected":false},"author":91,"featured_media":0,"parent":8,"menu_order":10,"comment_status":"closed","ping_status":"closed","template":"","meta":{"ngg_post_thumbnail":0,"footnotes":""},"class_list":["post-43","page","type-page","status-publish","hentry"],"_links":{"self":[{"href":"https:\/\/wordpress.clarku.edu\/abebbington\/wp-json\/wp\/v2\/pages\/43","targetHints":{"allow":["GET"]}}],"collection":[{"href":"https:\/\/wordpress.clarku.edu\/abebbington\/wp-json\/wp\/v2\/pages"}],"about":[{"href":"https:\/\/wordpress.clarku.edu\/abebbington\/wp-json\/wp\/v2\/types\/page"}],"author":[{"embeddable":true,"href":"https:\/\/wordpress.clarku.edu\/abebbington\/wp-json\/wp\/v2\/users\/91"}],"replies":[{"embeddable":true,"href":"https:\/\/wordpress.clarku.edu\/abebbington\/wp-json\/wp\/v2\/comments?post=43"}],"version-history":[{"count":0,"href":"https:\/\/wordpress.clarku.edu\/abebbington\/wp-json\/wp\/v2\/pages\/43\/revisions"}],"up":[{"embeddable":true,"href":"https:\/\/wordpress.clarku.edu\/abebbington\/wp-json\/wp\/v2\/pages\/8"}],"wp:attachment":[{"href":"https:\/\/wordpress.clarku.edu\/abebbington\/wp-json\/wp\/v2\/media?parent=43"}],"curies":[{"name":"wp","href":"https:\/\/api.w.org\/{rel}","templated":true}]}}