{"id":153,"date":"2013-06-25T13:26:18","date_gmt":"2013-06-25T17:26:18","guid":{"rendered":"https:\/\/wordpress.clarku.edu\/abebbington\/?page_id=153"},"modified":"2015-01-17T17:25:16","modified_gmt":"2015-01-17T22:25:16","slug":"presentations","status":"publish","type":"page","link":"https:\/\/wordpress.clarku.edu\/abebbington\/lab-news\/presentations\/","title":{"rendered":"Presentations"},"content":{"rendered":"<p><strong>Keynotes, Plenaries, Distinguished Speaker, Public Lectures and Congressional Testimony, 2013-2014<\/strong><\/p>\n<ul>\n<li>Keynote, DEVNET, New Zealand Development Studies Association, Dunedin, New Zealand, November 27th<\/li>\n<li>Public lecture, Oxfam-America, Lima, Peru, October 23rd<\/li>\n<li>Public lecture, Ibero-American Institute, Berlin, Germany, March 28th<\/li>\n<li>Annual Malcolm Comeaux Lecture, Geography, Arizona State University, February 21st<\/li>\n<li>Keynote, Shifting Sands Conference, Australian National Centre for Latin American Studies, Australian National University, September 11th, 2014<\/li>\n<li>Plenary, Universidad de los Andes, Colombia\/El Tiempo\/Harvard, Conference on Mining in Latin America, May 23rd, 2013<\/li>\n<li>Plenary at conference organized by Prime Minister\u2019s Office\/Office of National Dialogue and Sustainability, Government of Peru, Lima, May 21st, 2013<\/li>\n<li>Opening and closing addresses at the conference \u201cMining and Development in the Andes\u201d, Senate House, University of London, March 4th, 2013<\/li>\n<li>Address at book launch, Instituto de Estudios Peruanos, Lima, February 13th, 2013<\/li>\n<\/ul>\n<p><strong>Invited Seminars, Talks and Commentaries, 2013-2014<\/strong><\/p>\n<ul>\n<li>Oxfam, Lima, October 24th<\/li>\n<li>Catholic University of Peru, Lima, June 26th<\/li>\n<li>Universidad de Santiago de Chile, January 17th<\/li>\n<li>York University, Canada, Centre for Research on Latin America and the Caribbean, November 15th, 2013<\/li>\n<li>Yale University, School of Forestry and Environmental Studies\/Law School, November 6th, 2013<\/li>\n<li>University of Queensland, School of Social Sciences, August 16th, 2013<\/li>\n<li>University of Queensland, Sustainable Minerals Institute, Centre for Social Responsibility in Mining, August 9th, 2013<\/li>\n<li>Harvard University, Department of Government and International Studies, David Rockefeller Center for Latin American Studies, April 16th, 2013<\/li>\n<li>Massey University, New Zealand, Department of Development Studies, March 21st, 2013<\/li>\n<li>Universit\u00e9 de Quebec, Montr\u00e9al, Centre interdisciplinaire de recherche en d\u00e9veloppement international et soci\u00e9t\u00e9, March 7th, 2013<\/li>\n<li>Boston University, Department of International Studies, February 25, 2013<\/li>\n<\/ul>\n","protected":false},"excerpt":{"rendered":"<p>Keynotes, Plenaries, Distinguished Speaker, Public Lectures and Congressional Testimony, 2013-2014 Keynote, DEVNET, New Zealand Development Studies Association, Dunedin, New Zealand, November 27th Public lecture, Oxfam-America, Lima, Peru, October 23rd Public [&hellip;]<\/p>\n","protected":false},"author":91,"featured_media":0,"parent":24,"menu_order":30,"comment_status":"closed","ping_status":"closed","template":"","meta":{"ngg_post_thumbnail":0,"footnotes":""},"class_list":["post-153","page","type-page","status-publish","hentry"],"_links":{"self":[{"href":"https:\/\/wordpress.clarku.edu\/abebbington\/wp-json\/wp\/v2\/pages\/153","targetHints":{"allow":["GET"]}}],"collection":[{"href":"https:\/\/wordpress.clarku.edu\/abebbington\/wp-json\/wp\/v2\/pages"}],"about":[{"href":"https:\/\/wordpress.clarku.edu\/abebbington\/wp-json\/wp\/v2\/types\/page"}],"author":[{"embeddable":true,"href":"https:\/\/wordpress.clarku.edu\/abebbington\/wp-json\/wp\/v2\/users\/91"}],"replies":[{"embeddable":true,"href":"https:\/\/wordpress.clarku.edu\/abebbington\/wp-json\/wp\/v2\/comments?post=153"}],"version-history":[{"count":0,"href":"https:\/\/wordpress.clarku.edu\/abebbington\/wp-json\/wp\/v2\/pages\/153\/revisions"}],"up":[{"embeddable":true,"href":"https:\/\/wordpress.clarku.edu\/abebbington\/wp-json\/wp\/v2\/pages\/24"}],"wp:attachment":[{"href":"https:\/\/wordpress.clarku.edu\/abebbington\/wp-json\/wp\/v2\/media?parent=153"}],"curies":[{"name":"wp","href":"https:\/\/api.w.org\/{rel}","templated":true}]}}