{"id":1002,"date":"2018-09-24T17:35:47","date_gmt":"2018-09-24T21:35:47","guid":{"rendered":"https:\/\/wordpress.clarku.edu\/abebbington\/?page_id=1002"},"modified":"2019-01-29T09:02:20","modified_gmt":"2019-01-29T14:02:20","slug":"former-students","status":"publish","type":"page","link":"https:\/\/wordpress.clarku.edu\/abebbington\/people\/former-students\/","title":{"rendered":"Former Students"},"content":{"rendered":"<h5><strong>Clark University<\/strong><\/h5>\n<ul>\n<li><strong>Katherine Foo<\/strong> (with James McCarthy). Dissertation: &#8220;Environmental Governance in an Age of Post-Apocalyptic Climate Change.&#8221; Now Assistant Professor, Worcester Polytechnic Institute, USA.&nbsp;<\/li>\n<li><strong>Adrienne Johnson<\/strong>. Dissertation: &#8220;Participatory Governance, Plant Disease, and Post-Neoliberalism: Governing Ecuador\u2019s Palm Oil Industry through the Roundtable on Sustainable Palm Oil (RSPO).&#8221; Now Assistant Professor, University of San Francisco, USA.&nbsp;<\/li>\n<li><strong>Pheakkdey Nguon<\/strong>. Dissertation: &#8220;Governing REDD+ in Cambodia:&nbsp;Co-production of salient, credible and legitimate policy knowledge.&#8221; Now Forest Governance Expert for FLEGT and REDD+ in Asia, European Forest Institute, Malaysia.&nbsp;<\/li>\n<li><strong>Teresa Bornschlegl<\/strong>. Dissertation: &#8220;Three snapshots into complexity. A political ecological analysis of environmental law enforcement in the oil and gas sector; Ecuador 2005 \u2013 2015.&#8221; Now Post-doctoral scholar, trAndeS, Pontificia Universidad Cat\u00f3lica del Peru.&nbsp;<\/li>\n<li><strong>Juan Luis Dammert<\/strong>. Dissertation: &#8220;Contested booms: The politics of oil palm expansion in the Peruvian Amazon.&#8221; Now Program Officer, Oxfam-Peru.&nbsp;<\/li>\n<li><strong>Mireya Bravo Frey<\/strong>. Dissertation: &#8220;Trajectories of empathy and institution building: The micropolitics of environmental governance in the Oxapampa-Ash\u00e1ninka-Y\u00e1nesha Biosphere Reserve.&#8221; Now Socio-Environmental Specialist, Instituto del Bien Com\u00fan,&nbsp;Peru.&nbsp;<\/li>\n<\/ul>\n<h5><strong>University of Manchester<\/strong><\/h5>\n<ul>\n<li><strong>Johan Oldekop<\/strong> (with Richard Preziosi). Now Lecturer, Department of Geography, University of Sheffield, UK.<\/li>\n<li><strong>Ximena Waarnars<\/strong> (with Penny Harvey). Now Program Associate, Ford Foundation, New York.<\/li>\n<li><strong>Hugo Romero<\/strong> (with Gavin Bridge). Now Director, Observatorio Regional of the Universidad Cat\u00f3lica de Temuco, Chile.<\/li>\n<li><strong>Kojo Asante<\/strong> (with Sam Hickey). Now Senior Research Fellow, Centre for Democracy and Development, Ghana.&nbsp;<\/li>\n<li><strong>Jorge Castro<\/strong> (with Phil Woodhouse). Now Director General, Postgraduate Program in Economic and Management Sciences, Universidad de Santo Tom\u00e1s, Bucaramanga, Colombia.<\/li>\n<li><strong>George Holmes<\/strong> (with Dan Brockington). Now Associate Professor, School of Earth and Environment, Leeds University, UK.&nbsp;<\/li>\n<li><strong>Eric James<\/strong> (with Tim Jacoby). Now Lecturer, Graduate Progam in Refugee and Forced Migration Studies, DePaul University, USA.<\/li>\n<li><strong>Maura Duffy<\/strong> (with Sam Hickey). Lecturer in Global Health, Humanitarian and Conflict Response Institute, University of Manchester, UK.&nbsp;<\/li>\n<li><strong>Kirsten Howarth<\/strong> (with Tim Jacoby). Lecturer in Humanitarianism and Conflict Response, Humanitarian and Conflict Response Institute, University of Manchester, UK.&nbsp;<\/li>\n<li><strong>Angelica Ospina<\/strong> (with Richard Heeks). Now Senior Researcher, Resilience Program, International Institute for Sustainable Development, Canada.&nbsp;<\/li>\n<li><strong>Farhana Ramzan<\/strong> (with Michael Woolcock). Now Monitoring and Evaluation Advisor, United States Agency for International Development,USA.&nbsp;<\/li>\n<li><strong>Scott Nelson<\/strong>. Now Director, Economic Development, Community Outreach, and Stakeholder Advocacy; Office of Rep. Chrissy Houlahan (D-PA), USA.&nbsp;<\/li>\n<li><strong>Leonith Hinojosa Valencia<\/strong>. Now Postdoctoral Fellow, Universit\u00e9 Aix-Marseilles, France.&nbsp;<\/li>\n<li><strong>Rory Stanton<\/strong> (with Uma Kothari). Now Lecturer, Global Development Institute, University of Manchester, UK.&nbsp;<\/li>\n<\/ul>\n<h5><strong>University of Colorado at Boulder<\/strong><\/h5>\n<ul>\n<li><strong>Brian King<\/strong> (with Gary Gaile). Now Associate Professor, Penn State University, USA.&nbsp;<\/li>\n<li><strong>Donna Rubinoff<\/strong>. Now \u200eSenior Advisor in Sustainable Urbanism, City of Kigali, Rwanda.&nbsp;<\/li>\n<li><strong>Elizabeth Olson.<\/strong> Now Professor of Geography, University of North Carolina, USA<\/li>\n<li><strong>Jeffrey Bury<\/strong>. Now Professor, Department of Geography, University of California at Santa Cruz, USA.&nbsp;<\/li>\n<li><strong>Thomas Perreault<\/strong>. Now Professor, Department of Geography, Syracuse University, USA.&nbsp;<\/li>\n<\/ul>\n","protected":false},"excerpt":{"rendered":"<p>Clark University Katherine Foo (with James McCarthy). Dissertation: &#8220;Environmental Governance in an Age of Post-Apocalyptic Climate Change.&#8221; Now Assistant Professor, Worcester Polytechnic Institute, USA.&nbsp; Adrienne Johnson. Dissertation: &#8220;Participatory Governance, Plant [&hellip;]<\/p>\n","protected":false},"author":455,"featured_media":0,"parent":26,"menu_order":0,"comment_status":"closed","ping_status":"closed","template":"","meta":{"ngg_post_thumbnail":0,"footnotes":""},"class_list":["post-1002","page","type-page","status-publish","hentry"],"_links":{"self":[{"href":"https:\/\/wordpress.clarku.edu\/abebbington\/wp-json\/wp\/v2\/pages\/1002","targetHints":{"allow":["GET"]}}],"collection":[{"href":"https:\/\/wordpress.clarku.edu\/abebbington\/wp-json\/wp\/v2\/pages"}],"about":[{"href":"https:\/\/wordpress.clarku.edu\/abebbington\/wp-json\/wp\/v2\/types\/page"}],"author":[{"embeddable":true,"href":"https:\/\/wordpress.clarku.edu\/abebbington\/wp-json\/wp\/v2\/users\/455"}],"replies":[{"embeddable":true,"href":"https:\/\/wordpress.clarku.edu\/abebbington\/wp-json\/wp\/v2\/comments?post=1002"}],"version-history":[{"count":0,"href":"https:\/\/wordpress.clarku.edu\/abebbington\/wp-json\/wp\/v2\/pages\/1002\/revisions"}],"up":[{"embeddable":true,"href":"https:\/\/wordpress.clarku.edu\/abebbington\/wp-json\/wp\/v2\/pages\/26"}],"wp:attachment":[{"href":"https:\/\/wordpress.clarku.edu\/abebbington\/wp-json\/wp\/v2\/media?parent=1002"}],"curies":[{"name":"wp","href":"https:\/\/api.w.org\/{rel}","templated":true}]}}